{"id":158,"date":"2026-01-22T20:38:17","date_gmt":"2026-01-22T20:38:17","guid":{"rendered":"https:\/\/4whospedagem.com.br\/duda\/cliente23\/?page_id=158"},"modified":"2026-02-03T19:25:34","modified_gmt":"2026-02-03T19:25:34","slug":"analise-de-agua","status":"publish","type":"page","link":"https:\/\/4whospedagem.com.br\/duda\/cliente23\/analise-de-agua\/","title":{"rendered":"AN\u00c1LISE DE \u00c1GUA"},"content":{"rendered":"\t\t<div data-elementor-type=\"wp-page\" data-elementor-id=\"158\" class=\"elementor elementor-158\" data-elementor-post-type=\"page\">\n\t\t\t\t<div class=\"elementor-element elementor-element-428cfd3 e-flex e-con-boxed e-con e-parent\" data-id=\"428cfd3\" data-element_type=\"container\" data-settings=\"{&quot;background_background&quot;:&quot;video&quot;,&quot;background_video_link&quot;:&quot;https:\\\/\\\/4whospedagem.com.br\\\/duda\\\/cliente23\\\/wp-content\\\/uploads\\\/2026\\\/01\\\/WuVA6abFROC30syUl9Fk_JPFiltros-VideosBannerEmConstrucao-v.mp4&quot;,&quot;background_play_on_mobile&quot;:&quot;yes&quot;}\">\n\t\t\t\t\t<div class=\"e-con-inner\">\n\t\t<div class=\"elementor-background-video-container\" aria-hidden=\"true\">\n\t\t\t\t\t\t\t<video class=\"elementor-background-video-hosted\" autoplay muted playsinline loop><\/video>\n\t\t\t\t\t<\/div>\t\t<div class=\"elementor-element elementor-element-781a02d elementor-invisible elementor-widget elementor-widget-heading\" data-id=\"781a02d\" data-element_type=\"widget\" data-settings=\"{&quot;_animation&quot;:&quot;zoomInUp&quot;}\" data-widget_type=\"heading.default\">\n\t\t\t\t\t<h2 class=\"elementor-heading-title elementor-size-default\">An\u00e1lise de \u00c1gua<\/h2>\t\t\t\t<\/div>\n\t\t\t\t\t<\/div>\n\t\t\t\t<\/div>\n\t\t<div class=\"elementor-element elementor-element-150b6d8 e-flex e-con-boxed e-con e-parent\" data-id=\"150b6d8\" data-element_type=\"container\">\n\t\t\t\t\t<div class=\"e-con-inner\">\n\t\t<div class=\"elementor-element elementor-element-5b1e819 e-con-full e-flex e-con e-child\" data-id=\"5b1e819\" data-element_type=\"container\">\n\t\t\t\t<div class=\"elementor-element elementor-element-e1b9b3a elementor-widget elementor-widget-image\" data-id=\"e1b9b3a\" data-element_type=\"widget\" data-widget_type=\"image.default\">\n\t\t\t\t\t\t\t\t\t\t\t\t\t\t\t<img fetchpriority=\"high\" decoding=\"async\" width=\"500\" height=\"500\" src=\"https:\/\/4whospedagem.com.br\/duda\/cliente23\/wp-content\/uploads\/2026\/01\/3-a32e5cee.png\" class=\"attachment-large size-large wp-image-127\" alt=\"\" srcset=\"https:\/\/4whospedagem.com.br\/duda\/cliente23\/wp-content\/uploads\/2026\/01\/3-a32e5cee.png 500w, https:\/\/4whospedagem.com.br\/duda\/cliente23\/wp-content\/uploads\/2026\/01\/3-a32e5cee-300x300.png 300w, https:\/\/4whospedagem.com.br\/duda\/cliente23\/wp-content\/uploads\/2026\/01\/3-a32e5cee-150x150.png 150w\" sizes=\"(max-width: 500px) 100vw, 500px\" \/>\t\t\t\t\t\t\t\t\t\t\t\t\t\t\t<\/div>\n\t\t\t\t<\/div>\n\t\t<div class=\"elementor-element elementor-element-50b871d e-con-full e-flex e-con e-child\" data-id=\"50b871d\" data-element_type=\"container\">\n\t\t\t\t<div class=\"elementor-element elementor-element-b8fb817 elementor-widget elementor-widget-text-editor\" data-id=\"b8fb817\" data-element_type=\"widget\" data-widget_type=\"text-editor.default\">\n\t\t\t\t\t\t\t\t\t<p class=\"m-size-18 size-20\"><span class=\"font-size-20 m-font-size-18\">Na JP Filtros, oferecemos um servi\u00e7o especializado de an\u00e1lise de \u00e1gua, garantindo que a \u00e1gua que voc\u00ea consome seja pura e segura. Realizamos a coleta de amostras diretamente na sua resid\u00eancia ou empresa, que s\u00e3o enviadas para nosso laborat\u00f3rio especializado. L\u00e1, s\u00e3o submetidas a testes avan\u00e7ados para detectar a presen\u00e7a de contaminantes qu\u00edmicos, biol\u00f3gicos e f\u00edsicos. Com base nos resultados, fornecemos um relat\u00f3rio detalhado e orienta\u00e7\u00f5es personalizadas para escolher os filtros e purificadores mais adequados \u00e0s suas necessidades.<\/span><\/p><p class=\"m-size-18 size-20\"><span class=\"font-size-20 m-font-size-18\">Confie na JP Filtros para garantir a pureza e seguran\u00e7a da sua \u00e1gua. Nosso compromisso \u00e9 oferecer solu\u00e7\u00f5es eficientes e inovadoras para a purifica\u00e7\u00e3o de \u00e1gua, proporcionando sa\u00fade e bem-estar aos nossos clientes. Entre em contato conosco hoje mesmo e tenha a tranquilidade de saber que a \u00e1gua que voc\u00ea consome est\u00e1 dentro dos padr\u00f5es de qualidade necess\u00e1rios para proteger a sa\u00fade de seus colaboradores.<\/span><\/p>\t\t\t\t\t\t\t\t<\/div>\n\t\t\t\t<div class=\"elementor-element elementor-element-52783ed elementor-widget elementor-widget-button\" data-id=\"52783ed\" data-element_type=\"widget\" data-widget_type=\"button.default\">\n\t\t\t\t\t\t\t\t\t\t<a class=\"elementor-button elementor-button-link elementor-size-sm\" href=\"https:\/\/api.whatsapp.com\/send?phone=5511912012015\">\n\t\t\t\t\t\t<span class=\"elementor-button-content-wrapper\">\n\t\t\t\t\t\t\t\t\t<span class=\"elementor-button-text\">SOLICITAR OR\u00c7AMENTO<\/span>\n\t\t\t\t\t<\/span>\n\t\t\t\t\t<\/a>\n\t\t\t\t\t\t\t\t<\/div>\n\t\t\t\t<\/div>\n\t\t\t\t\t<\/div>\n\t\t\t\t<\/div>\n\t\t<div class=\"elementor-element elementor-element-22b3045 e-flex e-con-boxed e-con e-parent\" data-id=\"22b3045\" data-element_type=\"container\" data-settings=\"{&quot;background_background&quot;:&quot;video&quot;,&quot;background_video_link&quot;:&quot;https:\\\/\\\/4whospedagem.com.br\\\/duda\\\/cliente23\\\/wp-content\\\/uploads\\\/2026\\\/01\\\/eP0I8IhoSe257FeWU2py_Designsemnome1-v.mp4&quot;,&quot;background_play_on_mobile&quot;:&quot;yes&quot;}\">\n\t\t\t\t\t<div class=\"e-con-inner\">\n\t\t<div class=\"elementor-background-video-container\" aria-hidden=\"true\">\n\t\t\t\t\t\t\t<video class=\"elementor-background-video-hosted\" autoplay muted playsinline loop><\/video>\n\t\t\t\t\t<\/div><div class=\"elementor-element elementor-element-9ecafbd e-con-full e-flex e-con e-child\" data-id=\"9ecafbd\" data-element_type=\"container\">\n\t\t<div class=\"elementor-element elementor-element-7e43a4a e-con-full e-flex e-con e-child\" data-id=\"7e43a4a\" data-element_type=\"container\">\n\t\t\t\t<div class=\"elementor-element elementor-element-da2b2bb elementor-widget-divider--separator-type-pattern elementor-widget-divider--view-line elementor-widget elementor-widget-divider\" data-id=\"da2b2bb\" data-element_type=\"widget\" data-widget_type=\"divider.default\">\n\t\t\t\t\t\t\t<div class=\"elementor-divider\" style=\"--divider-pattern-url: url(&quot;data:image\/svg+xml,%3Csvg xmlns=&#039;http:\/\/www.w3.org\/2000\/svg&#039; preserveAspectRatio=&#039;none&#039; overflow=&#039;visible&#039; height=&#039;100%&#039; viewBox=&#039;0 0 24 24&#039; fill=&#039;none&#039; stroke=&#039;black&#039; stroke-width=&#039;4&#039; stroke-linecap=&#039;square&#039; stroke-miterlimit=&#039;10&#039;%3E%3Cpath d=&#039;M0,6c6,0,6,13,12,13S18,6,24,6&#039;\/%3E%3C\/svg%3E&quot;);\">\n\t\t\t<span class=\"elementor-divider-separator\">\n\t\t\t\t\t\t<\/span>\n\t\t<\/div>\n\t\t\t\t\t\t<\/div>\n\t\t\t\t<div class=\"elementor-element elementor-element-ea8f4b6 elementor-widget elementor-widget-heading\" data-id=\"ea8f4b6\" data-element_type=\"widget\" data-widget_type=\"heading.default\">\n\t\t\t\t\t<h2 class=\"elementor-heading-title elementor-size-default\">Entre em contato <\/h2>\t\t\t\t<\/div>\n\t\t\t\t<div class=\"elementor-element elementor-element-4f0bb58 elementor-button-align-start elementor-widget__width-initial elementor-widget elementor-widget-form\" data-id=\"4f0bb58\" data-element_type=\"widget\" data-settings=\"{&quot;step_next_label&quot;:&quot;Next&quot;,&quot;step_previous_label&quot;:&quot;Previous&quot;,&quot;button_width&quot;:&quot;100&quot;,&quot;step_type&quot;:&quot;number_text&quot;,&quot;step_icon_shape&quot;:&quot;circle&quot;}\" data-widget_type=\"form.default\">\n\t\t\t\t\t\t\t<form class=\"elementor-form\" method=\"post\" name=\"Contato\" aria-label=\"Contato\">\n\t\t\t<input type=\"hidden\" name=\"post_id\" value=\"158\"\/>\n\t\t\t<input type=\"hidden\" name=\"form_id\" value=\"4f0bb58\"\/>\n\t\t\t<input type=\"hidden\" name=\"referer_title\" value=\"AN\u00c1LISE DE \u00c1GUA\" \/>\n\n\t\t\t\t\t\t\t<input type=\"hidden\" name=\"queried_id\" value=\"158\"\/>\n\t\t\t\n\t\t\t<div class=\"elementor-form-fields-wrapper elementor-labels-above\">\n\t\t\t\t\t\t\t\t<div class=\"elementor-field-type-text elementor-field-group elementor-column elementor-field-group-name elementor-col-100 elementor-field-required\">\n\t\t\t\t\t\t\t\t\t\t\t\t<label for=\"form-field-name\" class=\"elementor-field-label\">\n\t\t\t\t\t\t\t\tNome\t\t\t\t\t\t\t<\/label>\n\t\t\t\t\t\t\t\t\t\t\t\t\t\t<input size=\"1\" type=\"text\" name=\"form_fields[name]\" id=\"form-field-name\" class=\"elementor-field elementor-size-md  elementor-field-textual\" required=\"required\">\n\t\t\t\t\t\t\t\t\t\t\t<\/div>\n\t\t\t\t\t\t\t\t<div class=\"elementor-field-type-tel elementor-field-group elementor-column elementor-field-group-field_9e2fbdd elementor-col-50 elementor-field-required\">\n\t\t\t\t\t\t\t\t\t\t\t\t<label for=\"form-field-field_9e2fbdd\" class=\"elementor-field-label\">\n\t\t\t\t\t\t\t\tTelefone\t\t\t\t\t\t\t<\/label>\n\t\t\t\t\t\t\t\t<input size=\"1\" type=\"tel\" name=\"form_fields[field_9e2fbdd]\" id=\"form-field-field_9e2fbdd\" class=\"elementor-field elementor-size-md  elementor-field-textual\" required=\"required\" pattern=\"[0-9()#&amp;+*-=.]+\" title=\"Only numbers and phone characters (#, -, *, etc) are accepted.\">\n\n\t\t\t\t\t\t<\/div>\n\t\t\t\t\t\t\t\t<div class=\"elementor-field-type-email elementor-field-group elementor-column elementor-field-group-email elementor-col-50 elementor-field-required\">\n\t\t\t\t\t\t\t\t\t\t\t\t<label for=\"form-field-email\" class=\"elementor-field-label\">\n\t\t\t\t\t\t\t\tE-mail\t\t\t\t\t\t\t<\/label>\n\t\t\t\t\t\t\t\t\t\t\t\t\t\t<input size=\"1\" type=\"email\" name=\"form_fields[email]\" id=\"form-field-email\" class=\"elementor-field elementor-size-md  elementor-field-textual\" required=\"required\">\n\t\t\t\t\t\t\t\t\t\t\t<\/div>\n\t\t\t\t\t\t\t\t<div class=\"elementor-field-type-select elementor-field-group elementor-column elementor-field-group-field_90ffc2c elementor-col-100 elementor-field-required\">\n\t\t\t\t\t\t\t\t\t\t\t\t<label for=\"form-field-field_90ffc2c\" class=\"elementor-field-label\">\n\t\t\t\t\t\t\t\tQual a sua necessidade?\t\t\t\t\t\t\t<\/label>\n\t\t\t\t\t\t\t\t<div class=\"elementor-field elementor-select-wrapper remove-before \">\n\t\t\t<div class=\"select-caret-down-wrapper\">\n\t\t\t\t<svg aria-hidden=\"true\" class=\"e-font-icon-svg e-eicon-caret-down\" viewBox=\"0 0 571.4 571.4\" xmlns=\"http:\/\/www.w3.org\/2000\/svg\"><path d=\"M571 393Q571 407 561 418L311 668Q300 679 286 679T261 668L11 418Q0 407 0 393T11 368 36 357H536Q550 357 561 368T571 393Z\"><\/path><\/svg>\t\t\t<\/div>\n\t\t\t<select name=\"form_fields[field_90ffc2c]\" id=\"form-field-field_90ffc2c\" class=\"elementor-field-textual elementor-size-md\" required=\"required\">\n\t\t\t\t\t\t\t\t\t<option value=\"Higeniza\u00e7\u00e3o\">Higeniza\u00e7\u00e3o<\/option>\n\t\t\t\t\t\t\t\t\t<option value=\"Instala\u00e7\u00e3o\">Instala\u00e7\u00e3o<\/option>\n\t\t\t\t\t\t\t\t\t<option value=\"Manuten\u00e7\u00e3o\">Manuten\u00e7\u00e3o<\/option>\n\t\t\t\t\t\t\t\t\t<option value=\"Loca\u00e7\u00e3o\">Loca\u00e7\u00e3o<\/option>\n\t\t\t\t\t\t\t\t\t<option value=\"An\u00e1lise de \u00c1gua\">An\u00e1lise de \u00c1gua<\/option>\n\t\t\t\t\t\t\t<\/select>\n\t\t<\/div>\n\t\t\t\t\t\t<\/div>\n\t\t\t\t\t\t\t\t<div class=\"elementor-field-type-textarea elementor-field-group elementor-column elementor-field-group-message elementor-col-100 elementor-field-required\">\n\t\t\t\t\t\t\t\t\t\t\t\t<label for=\"form-field-message\" class=\"elementor-field-label\">\n\t\t\t\t\t\t\t\tMensagem\t\t\t\t\t\t\t<\/label>\n\t\t\t\t\t\t<textarea class=\"elementor-field-textual elementor-field  elementor-size-md\" name=\"form_fields[message]\" id=\"form-field-message\" rows=\"4\" required=\"required\"><\/textarea>\t\t\t\t<\/div>\n\t\t\t\t\t\t\t\t<div class=\"elementor-field-type-acceptance elementor-field-group elementor-column elementor-field-group-field_18d2fd7 elementor-col-100\">\n\t\t\t\t\t\t\t<div class=\"elementor-field-subgroup\">\n\t\t\t<span class=\"elementor-field-option\">\n\t\t\t\t<input type=\"checkbox\" name=\"form_fields[field_18d2fd7]\" id=\"form-field-field_18d2fd7\" class=\"elementor-field elementor-size-md  elementor-acceptance-field\">\n\t\t\t\t<label for=\"form-field-field_18d2fd7\">Li e Aceito a <a href='#'>pol\u00edticas de privacidade<\/a> <\/label>\t\t\t<\/span>\n\t\t<\/div>\n\t\t\t\t\t\t<\/div>\n\t\t\t\t\t\t\t\t<div class=\"elementor-field-group elementor-column elementor-field-type-submit elementor-col-100 e-form__buttons\">\n\t\t\t\t\t<button class=\"elementor-button elementor-size-sm\" type=\"submit\">\n\t\t\t\t\t\t<span class=\"elementor-button-content-wrapper\">\n\t\t\t\t\t\t\t\t\t\t\t\t\t\t\t\t\t\t\t\t\t\t<span class=\"elementor-button-text\">ENVIAR MENSAGEM<\/span>\n\t\t\t\t\t\t\t\t\t\t\t\t\t<\/span>\n\t\t\t\t\t<\/button>\n\t\t\t\t<\/div>\n\t\t\t<\/div>\n\t\t<\/form>\n\t\t\t\t\t\t<\/div>\n\t\t\t\t<\/div>\n\t\t\t\t<\/div>\n\t\t<div class=\"elementor-element elementor-element-5eb24fb e-con-full e-flex e-con e-child\" data-id=\"5eb24fb\" data-element_type=\"container\">\n\t\t\t\t<div class=\"elementor-element elementor-element-ced1413 elementor-widget elementor-widget-heading\" data-id=\"ced1413\" data-element_type=\"widget\" data-widget_type=\"heading.default\">\n\t\t\t\t\t<h2 class=\"elementor-heading-title elementor-size-default\">Confie na pureza, invista na sa\u00fade. Sua \u00e1gua, nossa miss\u00e3o.<\/h2>\t\t\t\t<\/div>\n\t\t\t\t<div class=\"elementor-element elementor-element-44487f2 elementor-widget elementor-widget-text-editor\" data-id=\"44487f2\" data-element_type=\"widget\" data-widget_type=\"text-editor.default\">\n\t\t\t\t\t\t\t\t\t<p>JP Filtros<\/p>\t\t\t\t\t\t\t\t<\/div>\n\t\t\t\t<\/div>\n\t\t\t\t\t<\/div>\n\t\t\t\t<\/div>\n\t\t\t\t<\/div>\n\t\t","protected":false},"excerpt":{"rendered":"<p>An\u00e1lise de \u00c1gua Na JP Filtros, oferecemos um servi\u00e7o especializado de an\u00e1lise de \u00e1gua, garantindo que a \u00e1gua que voc\u00ea consome seja pura e segura. Realizamos a coleta de amostras diretamente na sua resid\u00eancia ou empresa, que s\u00e3o enviadas para nosso laborat\u00f3rio especializado. L\u00e1, s\u00e3o submetidas a testes avan\u00e7ados para detectar a presen\u00e7a de contaminantes [&hellip;]<\/p>\n","protected":false},"author":1,"featured_media":0,"parent":0,"menu_order":0,"comment_status":"closed","ping_status":"closed","template":"","meta":{"footnotes":""},"class_list":["post-158","page","type-page","status-publish","hentry"],"_links":{"self":[{"href":"https:\/\/4whospedagem.com.br\/duda\/cliente23\/wp-json\/wp\/v2\/pages\/158","targetHints":{"allow":["GET"]}}],"collection":[{"href":"https:\/\/4whospedagem.com.br\/duda\/cliente23\/wp-json\/wp\/v2\/pages"}],"about":[{"href":"https:\/\/4whospedagem.com.br\/duda\/cliente23\/wp-json\/wp\/v2\/types\/page"}],"author":[{"embeddable":true,"href":"https:\/\/4whospedagem.com.br\/duda\/cliente23\/wp-json\/wp\/v2\/users\/1"}],"replies":[{"embeddable":true,"href":"https:\/\/4whospedagem.com.br\/duda\/cliente23\/wp-json\/wp\/v2\/comments?post=158"}],"version-history":[{"count":10,"href":"https:\/\/4whospedagem.com.br\/duda\/cliente23\/wp-json\/wp\/v2\/pages\/158\/revisions"}],"predecessor-version":[{"id":416,"href":"https:\/\/4whospedagem.com.br\/duda\/cliente23\/wp-json\/wp\/v2\/pages\/158\/revisions\/416"}],"wp:attachment":[{"href":"https:\/\/4whospedagem.com.br\/duda\/cliente23\/wp-json\/wp\/v2\/media?parent=158"}],"curies":[{"name":"wp","href":"https:\/\/api.w.org\/{rel}","templated":true}]}}