{"id":189,"date":"2025-10-28T14:23:55","date_gmt":"2025-10-28T14:23:55","guid":{"rendered":"https:\/\/4whospedagem.com.br\/duda\/cliente11\/?page_id=189"},"modified":"2025-11-05T18:16:55","modified_gmt":"2025-11-05T18:16:55","slug":"quem-somos","status":"publish","type":"page","link":"https:\/\/4whospedagem.com.br\/duda\/cliente14\/quem-somos\/","title":{"rendered":"EMPRESA"},"content":{"rendered":"\t\t<div data-elementor-type=\"wp-page\" data-elementor-id=\"189\" class=\"elementor elementor-189\" data-elementor-post-type=\"page\">\n\t\t\t\t<div class=\"elementor-element elementor-element-2eb1107 e-flex e-con-boxed e-con e-parent\" data-id=\"2eb1107\" data-element_type=\"container\" data-settings=\"{&quot;background_background&quot;:&quot;classic&quot;}\">\n\t\t\t\t\t<div class=\"e-con-inner\">\n\t\t\t\t<div class=\"elementor-element elementor-element-42033f9 elementor-invisible elementor-widget elementor-widget-heading\" data-id=\"42033f9\" data-element_type=\"widget\" data-settings=\"{&quot;_animation&quot;:&quot;fadeInUp&quot;}\" data-widget_type=\"heading.default\">\n\t\t\t\t\t<h2 class=\"elementor-heading-title elementor-size-default\">QUEM SOMOS<\/h2>\t\t\t\t<\/div>\n\t\t\t\t\t<\/div>\n\t\t\t\t<\/div>\n\t\t<div class=\"elementor-element elementor-element-4685b7e e-flex e-con-boxed e-con e-parent\" data-id=\"4685b7e\" data-element_type=\"container\">\n\t\t\t\t\t<div class=\"e-con-inner\">\n\t\t\t\t<div class=\"elementor-element elementor-element-e407b86 elementor-widget elementor-widget-text-editor\" data-id=\"e407b86\" data-element_type=\"widget\" data-widget_type=\"text-editor.default\">\n\t\t\t\t\t\t\t\t\t<p>P\u00e1gina em Constru\u00e7\u00e3o<\/p>\t\t\t\t\t\t\t\t<\/div>\n\t\t\t\t\t<\/div>\n\t\t\t\t<\/div>\n\t\t\t\t<\/div>\n\t\t","protected":false},"excerpt":{"rendered":"<p>QUEM SOMOS P\u00e1gina em Constru\u00e7\u00e3o<\/p>\n","protected":false},"author":1,"featured_media":0,"parent":0,"menu_order":0,"comment_status":"closed","ping_status":"closed","template":"","meta":{"footnotes":""},"class_list":["post-189","page","type-page","status-publish","hentry"],"_links":{"self":[{"href":"https:\/\/4whospedagem.com.br\/duda\/cliente14\/wp-json\/wp\/v2\/pages\/189","targetHints":{"allow":["GET"]}}],"collection":[{"href":"https:\/\/4whospedagem.com.br\/duda\/cliente14\/wp-json\/wp\/v2\/pages"}],"about":[{"href":"https:\/\/4whospedagem.com.br\/duda\/cliente14\/wp-json\/wp\/v2\/types\/page"}],"author":[{"embeddable":true,"href":"https:\/\/4whospedagem.com.br\/duda\/cliente14\/wp-json\/wp\/v2\/users\/1"}],"replies":[{"embeddable":true,"href":"https:\/\/4whospedagem.com.br\/duda\/cliente14\/wp-json\/wp\/v2\/comments?post=189"}],"version-history":[{"count":17,"href":"https:\/\/4whospedagem.com.br\/duda\/cliente14\/wp-json\/wp\/v2\/pages\/189\/revisions"}],"predecessor-version":[{"id":323,"href":"https:\/\/4whospedagem.com.br\/duda\/cliente14\/wp-json\/wp\/v2\/pages\/189\/revisions\/323"}],"wp:attachment":[{"href":"https:\/\/4whospedagem.com.br\/duda\/cliente14\/wp-json\/wp\/v2\/media?parent=189"}],"curies":[{"name":"wp","href":"https:\/\/api.w.org\/{rel}","templated":true}]}}