{"id":11,"date":"2025-10-23T17:35:01","date_gmt":"2025-10-23T17:35:01","guid":{"rendered":"https:\/\/4whospedagem.com.br\/duda\/cliente11\/?page_id=11"},"modified":"2025-11-05T18:33:43","modified_gmt":"2025-11-05T18:33:43","slug":"home","status":"publish","type":"page","link":"https:\/\/4whospedagem.com.br\/duda\/cliente14\/","title":{"rendered":"HOME"},"content":{"rendered":"\t\t<div data-elementor-type=\"wp-page\" data-elementor-id=\"11\" class=\"elementor elementor-11\" data-elementor-post-type=\"page\">\n\t\t\t\t<div class=\"elementor-element elementor-element-41130d7 e-con-full e-flex e-con e-parent\" data-id=\"41130d7\" data-element_type=\"container\" data-settings=\"{&quot;background_background&quot;:&quot;video&quot;,&quot;background_video_link&quot;:&quot;https:\\\/\\\/4whospedagem.com.br\\\/duda\\\/cliente14\\\/wp-content\\\/uploads\\\/2025\\\/11\\\/dXBpEFCqSBC4XNNBfsHz_SPBrasilEventos-VideoBanner-v.mp4&quot;,&quot;background_play_on_mobile&quot;:&quot;yes&quot;}\">\n\t\t<div class=\"elementor-background-video-container\" aria-hidden=\"true\">\n\t\t\t\t\t\t\t<video class=\"elementor-background-video-hosted\" autoplay muted playsinline loop><\/video>\n\t\t\t\t\t<\/div>\t\t<div class=\"elementor-element elementor-element-eefe1d3 elementor-widget-tablet__width-initial elementor-widget elementor-widget-heading\" data-id=\"eefe1d3\" data-element_type=\"widget\" data-widget_type=\"heading.default\">\n\t\t\t\t\t<h2 class=\"elementor-heading-title elementor-size-default\"> MONTAGEM DE STANDS E CENOGRAFIAS<\/h2>\t\t\t\t<\/div>\n\t\t\t\t<div class=\"elementor-element elementor-element-bfb6119 elementor-widget__width-initial elementor-widget elementor-widget-text-editor\" data-id=\"bfb6119\" data-element_type=\"widget\" data-widget_type=\"text-editor.default\">\n\t\t\t\t\t\t\t\t\t<p>Ag\u00eancia especializada em produtos e servi\u00e7os voltados para feiras, eventos, conven\u00e7\u00f5es e cenografias<\/p>\t\t\t\t\t\t\t\t<\/div>\n\t\t\t\t<div class=\"elementor-element elementor-element-515e55c elementor-align-center elementor-widget elementor-widget-button\" data-id=\"515e55c\" data-element_type=\"widget\" data-widget_type=\"button.default\">\n\t\t\t\t\t\t\t\t\t\t<a class=\"elementor-button elementor-button-link elementor-size-sm\" href=\"\/contato\">\n\t\t\t\t\t\t<span class=\"elementor-button-content-wrapper\">\n\t\t\t\t\t\t\t\t\t<span class=\"elementor-button-text\">SOLICITAR OR\u00c7AMENTO<\/span>\n\t\t\t\t\t<\/span>\n\t\t\t\t\t<\/a>\n\t\t\t\t\t\t\t\t<\/div>\n\t\t\t\t<\/div>\n\t\t<div class=\"elementor-element elementor-element-566d552 e-flex e-con-boxed e-con e-parent\" data-id=\"566d552\" data-element_type=\"container\" data-settings=\"{&quot;background_background&quot;:&quot;classic&quot;}\">\n\t\t\t\t\t<div class=\"e-con-inner\">\n\t\t\t\t<div class=\"elementor-element elementor-element-7ff6023 elementor-widget-divider--view-line elementor-widget elementor-widget-divider\" data-id=\"7ff6023\" data-element_type=\"widget\" data-widget_type=\"divider.default\">\n\t\t\t\t\t\t\t<div class=\"elementor-divider\">\n\t\t\t<span class=\"elementor-divider-separator\">\n\t\t\t\t\t\t<\/span>\n\t\t<\/div>\n\t\t\t\t\t\t<\/div>\n\t\t\t\t<div class=\"elementor-element elementor-element-d463b53 elementor-widget elementor-widget-heading\" data-id=\"d463b53\" data-element_type=\"widget\" data-widget_type=\"heading.default\">\n\t\t\t\t\t<h2 class=\"elementor-heading-title elementor-size-default\">NOSSOS SERVI\u00c7OS<\/h2>\t\t\t\t<\/div>\n\t\t<div class=\"elementor-element elementor-element-b6ff747 e-con-full e-flex elementor-invisible e-con e-child\" data-id=\"b6ff747\" data-element_type=\"container\" data-settings=\"{&quot;animation&quot;:&quot;fadeInUp&quot;}\">\n\t\t<div class=\"elementor-element elementor-element-328ecd9 e-con-full e-flex e-con e-child\" data-id=\"328ecd9\" data-element_type=\"container\">\n\t\t\t\t<div class=\"elementor-element elementor-element-f838068 elementor-widget elementor-widget-image\" data-id=\"f838068\" data-element_type=\"widget\" data-widget_type=\"image.default\">\n\t\t\t\t\t\t\t\t\t\t\t\t\t\t\t<img fetchpriority=\"high\" decoding=\"async\" width=\"595\" height=\"335\" src=\"https:\/\/4whospedagem.com.br\/duda\/cliente14\/wp-content\/uploads\/2025\/11\/3-34fec325-640w.webp\" class=\"attachment-full size-full wp-image-305\" alt=\"\" srcset=\"https:\/\/4whospedagem.com.br\/duda\/cliente14\/wp-content\/uploads\/2025\/11\/3-34fec325-640w.webp 595w, https:\/\/4whospedagem.com.br\/duda\/cliente14\/wp-content\/uploads\/2025\/11\/3-34fec325-640w-300x169.webp 300w\" sizes=\"(max-width: 595px) 100vw, 595px\" \/>\t\t\t\t\t\t\t\t\t\t\t\t\t\t\t<\/div>\n\t\t\t\t<div class=\"elementor-element elementor-element-a825e96 elementor-widget elementor-widget-heading\" data-id=\"a825e96\" data-element_type=\"widget\" data-widget_type=\"heading.default\">\n\t\t\t\t\t<h2 class=\"elementor-heading-title elementor-size-default\">Montagem de Stands<\/h2>\t\t\t\t<\/div>\n\t\t\t\t<div class=\"elementor-element elementor-element-4d2fee3 elementor-widget elementor-widget-text-editor\" data-id=\"4d2fee3\" data-element_type=\"widget\" data-widget_type=\"text-editor.default\">\n\t\t\t\t\t\t\t\t\t<p>Fornecimento de m\u00e3o-de-obra como Gar\u00e7ons, Promotoras, Coordenadores de campo, Limpeza e seguran\u00e7a.<\/p>\t\t\t\t\t\t\t\t<\/div>\n\t\t\t\t<\/div>\n\t\t<div class=\"elementor-element elementor-element-938e457 e-con-full e-flex e-con e-child\" data-id=\"938e457\" data-element_type=\"container\">\n\t\t\t\t<div class=\"elementor-element elementor-element-8fc6bbe elementor-widget elementor-widget-image\" data-id=\"8fc6bbe\" data-element_type=\"widget\" data-widget_type=\"image.default\">\n\t\t\t\t\t\t\t\t\t\t\t\t\t\t\t<img decoding=\"async\" width=\"597\" height=\"336\" src=\"https:\/\/4whospedagem.com.br\/duda\/cliente14\/wp-content\/uploads\/2025\/11\/1-1b01dfd2-640w.webp\" class=\"attachment-full size-full wp-image-303\" alt=\"\" srcset=\"https:\/\/4whospedagem.com.br\/duda\/cliente14\/wp-content\/uploads\/2025\/11\/1-1b01dfd2-640w.webp 597w, https:\/\/4whospedagem.com.br\/duda\/cliente14\/wp-content\/uploads\/2025\/11\/1-1b01dfd2-640w-300x169.webp 300w\" sizes=\"(max-width: 597px) 100vw, 597px\" \/>\t\t\t\t\t\t\t\t\t\t\t\t\t\t\t<\/div>\n\t\t\t\t<div class=\"elementor-element elementor-element-c484558 elementor-widget elementor-widget-heading\" data-id=\"c484558\" data-element_type=\"widget\" data-widget_type=\"heading.default\">\n\t\t\t\t\t<h2 class=\"elementor-heading-title elementor-size-default\">Buffet<\/h2>\t\t\t\t<\/div>\n\t\t\t\t<div class=\"elementor-element elementor-element-eae3fdc elementor-widget elementor-widget-text-editor\" data-id=\"eae3fdc\" data-element_type=\"widget\" data-widget_type=\"text-editor.default\">\n\t\t\t\t\t\t\t\t\t<p>Fornecimento de m\u00e3o-de-obra como Gar\u00e7ons, Promotoras, Coordenadores de campo, Limpeza e seguran\u00e7a.<\/p>\t\t\t\t\t\t\t\t<\/div>\n\t\t\t\t<\/div>\n\t\t<div class=\"elementor-element elementor-element-3013753 e-con-full e-flex e-con e-child\" data-id=\"3013753\" data-element_type=\"container\">\n\t\t\t\t<div class=\"elementor-element elementor-element-51153fc elementor-widget elementor-widget-image\" data-id=\"51153fc\" data-element_type=\"widget\" data-widget_type=\"image.default\">\n\t\t\t\t\t\t\t\t\t\t\t\t\t\t\t<img decoding=\"async\" width=\"595\" height=\"335\" src=\"https:\/\/4whospedagem.com.br\/duda\/cliente14\/wp-content\/uploads\/2025\/11\/2-342b44c6-640w.webp\" class=\"attachment-full size-full wp-image-304\" alt=\"\" srcset=\"https:\/\/4whospedagem.com.br\/duda\/cliente14\/wp-content\/uploads\/2025\/11\/2-342b44c6-640w.webp 595w, https:\/\/4whospedagem.com.br\/duda\/cliente14\/wp-content\/uploads\/2025\/11\/2-342b44c6-640w-300x169.webp 300w\" sizes=\"(max-width: 595px) 100vw, 595px\" \/>\t\t\t\t\t\t\t\t\t\t\t\t\t\t\t<\/div>\n\t\t\t\t<div class=\"elementor-element elementor-element-7e31a03 elementor-widget elementor-widget-heading\" data-id=\"7e31a03\" data-element_type=\"widget\" data-widget_type=\"heading.default\">\n\t\t\t\t\t<h2 class=\"elementor-heading-title elementor-size-default\">M\u00e3o de obra\u00a0de\u00a0recep\u00e7\u00e3o<\/h2>\t\t\t\t<\/div>\n\t\t\t\t<div class=\"elementor-element elementor-element-f62eab3 elementor-widget elementor-widget-text-editor\" data-id=\"f62eab3\" data-element_type=\"widget\" data-widget_type=\"text-editor.default\">\n\t\t\t\t\t\t\t\t\t<p>Fornecimento de m\u00e3o-de-obra como Gar\u00e7ons, Promotoras, Coordenadores de campo, Limpeza e seguran\u00e7a.<\/p>\t\t\t\t\t\t\t\t<\/div>\n\t\t\t\t<\/div>\n\t\t\t\t<\/div>\n\t\t\t\t\t<\/div>\n\t\t\t\t<\/div>\n\t\t<div class=\"elementor-element elementor-element-3bb7ee4 e-flex e-con-boxed e-con e-parent\" data-id=\"3bb7ee4\" data-element_type=\"container\" data-settings=\"{&quot;background_background&quot;:&quot;classic&quot;}\">\n\t\t\t\t\t<div class=\"e-con-inner\">\n\t\t<div class=\"elementor-element elementor-element-364574e e-con-full e-flex e-con e-child\" data-id=\"364574e\" data-element_type=\"container\" data-settings=\"{&quot;background_background&quot;:&quot;classic&quot;}\">\n\t\t\t\t<div class=\"elementor-element elementor-element-5f77da3 elementor-widget elementor-widget-image\" data-id=\"5f77da3\" data-element_type=\"widget\" data-widget_type=\"image.default\">\n\t\t\t\t\t\t\t\t\t\t\t\t\t\t\t<img loading=\"lazy\" decoding=\"async\" width=\"640\" height=\"640\" src=\"https:\/\/4whospedagem.com.br\/duda\/cliente14\/wp-content\/uploads\/2025\/11\/Mcosta-ImagensServicos-640w.webp\" class=\"attachment-large size-large wp-image-306\" alt=\"\" srcset=\"https:\/\/4whospedagem.com.br\/duda\/cliente14\/wp-content\/uploads\/2025\/11\/Mcosta-ImagensServicos-640w.webp 640w, https:\/\/4whospedagem.com.br\/duda\/cliente14\/wp-content\/uploads\/2025\/11\/Mcosta-ImagensServicos-640w-300x300.webp 300w, https:\/\/4whospedagem.com.br\/duda\/cliente14\/wp-content\/uploads\/2025\/11\/Mcosta-ImagensServicos-640w-150x150.webp 150w\" sizes=\"(max-width: 640px) 100vw, 640px\" \/>\t\t\t\t\t\t\t\t\t\t\t\t\t\t\t<\/div>\n\t\t\t\t<\/div>\n\t\t<div class=\"elementor-element elementor-element-9f79772 e-con-full e-flex elementor-invisible e-con e-child\" data-id=\"9f79772\" data-element_type=\"container\" data-settings=\"{&quot;animation&quot;:&quot;fadeInUp&quot;}\">\n\t\t\t\t<div class=\"elementor-element elementor-element-f660161 elementor-widget-divider--view-line elementor-widget elementor-widget-divider\" data-id=\"f660161\" data-element_type=\"widget\" data-widget_type=\"divider.default\">\n\t\t\t\t\t\t\t<div class=\"elementor-divider\">\n\t\t\t<span class=\"elementor-divider-separator\">\n\t\t\t\t\t\t<\/span>\n\t\t<\/div>\n\t\t\t\t\t\t<\/div>\n\t\t\t\t<div class=\"elementor-element elementor-element-fb80867 elementor-widget elementor-widget-heading\" data-id=\"fb80867\" data-element_type=\"widget\" data-widget_type=\"heading.default\">\n\t\t\t\t\t<h2 class=\"elementor-heading-title elementor-size-default\">SOBRE A SP BRASIL EVENTOS<\/h2>\t\t\t\t<\/div>\n\t\t\t\t<div class=\"elementor-element elementor-element-d12d822 elementor-widget__width-initial elementor-widget elementor-widget-text-editor\" data-id=\"d12d822\" data-element_type=\"widget\" data-widget_type=\"text-editor.default\">\n\t\t\t\t\t\t\t\t\t<p>A SP Brasil Eventos \u00e9 uma ag\u00eancia especializada na cria\u00e7\u00e3o de experi\u00eancias \u00fanicas para feiras, conven\u00e7\u00f5es e eventos corporativos. Nossa miss\u00e3o \u00e9 transformar ideias em realidade, oferecendo solu\u00e7\u00f5es completas que unem criatividade, qualidade e excel\u00eancia em cada detalhe.<br \/><br \/>Mais do que executar, buscamos entender as necessidades de cada cliente para entregar projetos que gerem impacto, credibilidade e resultados. Com experi\u00eancia e dedica\u00e7\u00e3o, a SP Brasil Eventos se tornou refer\u00eancia no setor, ajudando marcas a se destacarem em momentos decisivos.<\/p>\t\t\t\t\t\t\t\t<\/div>\n\t\t\t\t<div class=\"elementor-element elementor-element-93cfc65 elementor-widget elementor-widget-button\" data-id=\"93cfc65\" data-element_type=\"widget\" data-widget_type=\"button.default\">\n\t\t\t\t\t\t\t\t\t\t<a class=\"elementor-button elementor-button-link elementor-size-sm\" href=\"https:\/\/4whospedagem.com.br\/duda\/cliente14\/quem-somos\/\">\n\t\t\t\t\t\t<span class=\"elementor-button-content-wrapper\">\n\t\t\t\t\t\t\t\t\t<span class=\"elementor-button-text\">SAIBA MAIS<\/span>\n\t\t\t\t\t<\/span>\n\t\t\t\t\t<\/a>\n\t\t\t\t\t\t\t\t<\/div>\n\t\t\t\t<\/div>\n\t\t\t\t\t<\/div>\n\t\t\t\t<\/div>\n\t\t\t\t<\/div>\n\t\t","protected":false},"excerpt":{"rendered":"<p>MONTAGEM DE STANDS E CENOGRAFIAS Ag\u00eancia especializada em produtos e servi\u00e7os voltados para feiras, eventos, conven\u00e7\u00f5es e cenografias SOLICITAR OR\u00c7AMENTO NOSSOS SERVI\u00c7OS Montagem de Stands Fornecimento de m\u00e3o-de-obra como Gar\u00e7ons, Promotoras, Coordenadores de campo, Limpeza e seguran\u00e7a. Buffet Fornecimento de m\u00e3o-de-obra como Gar\u00e7ons, Promotoras, Coordenadores de campo, Limpeza e seguran\u00e7a. M\u00e3o de obra\u00a0de\u00a0recep\u00e7\u00e3o Fornecimento de [&hellip;]<\/p>\n","protected":false},"author":1,"featured_media":0,"parent":0,"menu_order":0,"comment_status":"closed","ping_status":"closed","template":"","meta":{"footnotes":""},"class_list":["post-11","page","type-page","status-publish","hentry"],"_links":{"self":[{"href":"https:\/\/4whospedagem.com.br\/duda\/cliente14\/wp-json\/wp\/v2\/pages\/11","targetHints":{"allow":["GET"]}}],"collection":[{"href":"https:\/\/4whospedagem.com.br\/duda\/cliente14\/wp-json\/wp\/v2\/pages"}],"about":[{"href":"https:\/\/4whospedagem.com.br\/duda\/cliente14\/wp-json\/wp\/v2\/types\/page"}],"author":[{"embeddable":true,"href":"https:\/\/4whospedagem.com.br\/duda\/cliente14\/wp-json\/wp\/v2\/users\/1"}],"replies":[{"embeddable":true,"href":"https:\/\/4whospedagem.com.br\/duda\/cliente14\/wp-json\/wp\/v2\/comments?post=11"}],"version-history":[{"count":56,"href":"https:\/\/4whospedagem.com.br\/duda\/cliente14\/wp-json\/wp\/v2\/pages\/11\/revisions"}],"predecessor-version":[{"id":350,"href":"https:\/\/4whospedagem.com.br\/duda\/cliente14\/wp-json\/wp\/v2\/pages\/11\/revisions\/350"}],"wp:attachment":[{"href":"https:\/\/4whospedagem.com.br\/duda\/cliente14\/wp-json\/wp\/v2\/media?parent=11"}],"curies":[{"name":"wp","href":"https:\/\/api.w.org\/{rel}","templated":true}]}}