{"id":74,"date":"2025-10-09T19:24:07","date_gmt":"2025-10-09T19:24:07","guid":{"rendered":"https:\/\/4whospedagem.com.br\/duda\/cliente10\/?page_id=74"},"modified":"2025-10-13T20:33:45","modified_gmt":"2025-10-13T20:33:45","slug":"locacao","status":"publish","type":"page","link":"https:\/\/4whospedagem.com.br\/duda\/cliente10\/locacao\/","title":{"rendered":"Loca\u00e7\u00e3o"},"content":{"rendered":"\t\t<div data-elementor-type=\"wp-page\" data-elementor-id=\"74\" class=\"elementor elementor-74\" data-elementor-post-type=\"page\">\n\t\t\t\t<div class=\"elementor-element elementor-element-d80f12a e-flex e-con-boxed e-con e-parent\" data-id=\"d80f12a\" data-element_type=\"container\" data-settings=\"{&quot;background_background&quot;:&quot;classic&quot;}\">\n\t\t\t\t\t<div class=\"e-con-inner\">\n\t\t\t\t<div class=\"elementor-element elementor-element-ed00062 elementor-invisible elementor-widget elementor-widget-heading\" data-id=\"ed00062\" data-element_type=\"widget\" data-settings=\"{&quot;_animation&quot;:&quot;bounceIn&quot;}\" data-widget_type=\"heading.default\">\n\t\t\t\t\t<h2 class=\"elementor-heading-title elementor-size-default\">Loca\u00e7\u00e3o de Empilhadeiras<\/h2>\t\t\t\t<\/div>\n\t\t\t\t\t<\/div>\n\t\t\t\t<\/div>\n\t\t<div class=\"elementor-element elementor-element-b2a34db e-flex e-con-boxed e-con e-parent\" data-id=\"b2a34db\" data-element_type=\"container\">\n\t\t\t\t\t<div class=\"e-con-inner\">\n\t\t<div class=\"elementor-element elementor-element-bb7c806 e-con-full e-flex e-con e-child\" data-id=\"bb7c806\" data-element_type=\"container\">\n\t\t\t\t<div class=\"elementor-element elementor-element-653e2e1 elementor-widget elementor-widget-image\" data-id=\"653e2e1\" data-element_type=\"widget\" data-widget_type=\"image.default\">\n\t\t\t\t\t\t\t\t\t\t\t\t\t\t\t<img fetchpriority=\"high\" decoding=\"async\" width=\"500\" height=\"500\" src=\"https:\/\/4whospedagem.com.br\/duda\/cliente10\/wp-content\/uploads\/2025\/10\/Empilhadeiras2-640w.webp\" class=\"attachment-large size-large wp-image-76\" alt=\"\" srcset=\"https:\/\/4whospedagem.com.br\/duda\/cliente10\/wp-content\/uploads\/2025\/10\/Empilhadeiras2-640w.webp 500w, https:\/\/4whospedagem.com.br\/duda\/cliente10\/wp-content\/uploads\/2025\/10\/Empilhadeiras2-640w-300x300.webp 300w, https:\/\/4whospedagem.com.br\/duda\/cliente10\/wp-content\/uploads\/2025\/10\/Empilhadeiras2-640w-150x150.webp 150w\" sizes=\"(max-width: 500px) 100vw, 500px\" \/>\t\t\t\t\t\t\t\t\t\t\t\t\t\t\t<\/div>\n\t\t\t\t<\/div>\n\t\t<div class=\"elementor-element elementor-element-c0145d9 e-con-full e-flex e-con e-child\" data-id=\"c0145d9\" data-element_type=\"container\">\n\t\t\t\t<div class=\"elementor-element elementor-element-48fa267 elementor-widget-divider--view-line elementor-widget elementor-widget-divider\" data-id=\"48fa267\" data-element_type=\"widget\" data-widget_type=\"divider.default\">\n\t\t\t\t\t\t\t<div class=\"elementor-divider\">\n\t\t\t<span class=\"elementor-divider-separator\">\n\t\t\t\t\t\t<\/span>\n\t\t<\/div>\n\t\t\t\t\t\t<\/div>\n\t\t\t\t<div class=\"elementor-element elementor-element-8428e02 elementor-widget elementor-widget-heading\" data-id=\"8428e02\" data-element_type=\"widget\" data-widget_type=\"heading.default\">\n\t\t\t\t\t<h2 class=\"elementor-heading-title elementor-size-default\">Benef\u00edcios da loca\u00e7\u00e3o de m\u00e1quinas<\/h2>\t\t\t\t<\/div>\n\t\t\t\t<div class=\"elementor-element elementor-element-921bd77 elementor-widget elementor-widget-text-editor\" data-id=\"921bd77\" data-element_type=\"widget\" data-widget_type=\"text-editor.default\">\n\t\t\t\t\t\t\t\t\t<p class=\"m-size-16 m-text-align-justify size-18\"><strong class=\"font-size-18 m-font-size-16\">Foco<\/strong><span class=\"font-size-18 m-font-size-16\"><br \/>O cliente mant\u00e9m o foco no neg\u00f3cio enquanto a ASL Empilhadeiras gerencia o equipamento.<br \/><\/span><\/p><p class=\"m-size-16 m-text-align-justify size-18\"><strong class=\"font-size-18 m-font-size-16\">Funcionalidade<\/strong><\/p><p class=\"m-size-16 m-text-align-justify size-18\"><span class=\"font-size-18 m-font-size-16\">Toda manuten\u00e7\u00e3o do equipamento fica por conta da ASL, de forma que sua empresa n\u00e3o precisa se preocupar com os altos custos de manuten\u00e7\u00e3o, deprecia\u00e7\u00e3o e substitui\u00e7\u00e3o dos equipamentos que se tornaram obsoletos<br \/><\/span><\/p><p class=\"m-size-16 m-text-align-justify size-18\"><strong class=\"font-size-18 m-font-size-16\">Produtividade<\/strong><\/p><p class=\"m-size-16 m-text-align-justify size-18\"><span class=\"font-size-18 m-font-size-16\">Maior qualidade do servi\u00e7o e, como consequ\u00eancia, o aumento da produtividade.<br \/><br \/><\/span><strong class=\"font-size-18 m-font-size-16\">Sazonalidade<\/strong><\/p><p class=\"m-size-16 m-text-align-justify size-18\"><span class=\"font-size-18 m-font-size-16\">Contratos com vig\u00eancia de acordo com sua necessidade, a fim de que seja evitado que seu equipamento fique armazenado de forma improdutiva.<br \/><\/span><\/p><p class=\"m-size-16 m-text-align-justify size-18\"><strong class=\"font-size-18 m-font-size-16\">Capital<\/strong><\/p><p class=\"m-size-16 m-text-align-justify size-18\"><span class=\"font-size-18 m-font-size-16\">Sua empresa n\u00e3o precisa dispor do capital necess\u00e1rio para a aquisi\u00e7\u00e3o de equipamento, direcionando-o para outros fins<\/span><\/p><p class=\"m-size-16 m-text-align-justify size-18\"><strong class=\"font-size-18 m-font-size-16\">Financeiro<\/strong><\/p><p class=\"m-size-16 m-text-align-justify size-18\"><span class=\"font-size-18 m-font-size-16\">O valor da loca\u00e7\u00e3o \u00e9 100% dedut\u00edvel do imposto de renda.<\/span><\/p><p class=\"m-size-16 m-text-align-justify size-18\"><span class=\"font-size-18 m-font-size-16\">\u2022 Contrato Flex\u00edvel<\/span><\/p><p class=\"m-size-16 m-text-align-justify size-18\"><span class=\"font-size-18 m-font-size-16\">\u2022 Contrato Quinzenal, Mensal e Anual.<\/span><\/p><p class=\"m-size-16 m-text-align-justify size-18\"><strong class=\"font-size-18 m-font-size-16\">Obs: loca\u00e7\u00e3o sem operador<\/strong><\/p>\t\t\t\t\t\t\t\t<\/div>\n\t\t\t\t<div class=\"elementor-element elementor-element-f97a239 elementor-invisible elementor-widget elementor-widget-button\" data-id=\"f97a239\" data-element_type=\"widget\" data-settings=\"{&quot;_animation&quot;:&quot;slideInRight&quot;}\" data-widget_type=\"button.default\">\n\t\t\t\t\t\t\t\t\t\t<a class=\"elementor-button elementor-button-link elementor-size-sm\" href=\"https:\/\/4whospedagem.com.br\/duda\/cliente10\/contato\/\">\n\t\t\t\t\t\t<span class=\"elementor-button-content-wrapper\">\n\t\t\t\t\t\t\t\t\t<span class=\"elementor-button-text\">Solicite um or\u00e7amento<\/span>\n\t\t\t\t\t<\/span>\n\t\t\t\t\t<\/a>\n\t\t\t\t\t\t\t\t<\/div>\n\t\t\t\t<\/div>\n\t\t\t\t\t<\/div>\n\t\t\t\t<\/div>\n\t\t\t\t<\/div>\n\t\t","protected":false},"excerpt":{"rendered":"<p>Loca\u00e7\u00e3o de Empilhadeiras Benef\u00edcios da loca\u00e7\u00e3o de m\u00e1quinas FocoO cliente mant\u00e9m o foco no neg\u00f3cio enquanto a ASL Empilhadeiras gerencia o equipamento. Funcionalidade Toda manuten\u00e7\u00e3o do equipamento fica por conta da ASL, de forma que sua empresa n\u00e3o precisa se preocupar com os altos custos de manuten\u00e7\u00e3o, deprecia\u00e7\u00e3o e substitui\u00e7\u00e3o dos equipamentos que se tornaram [&hellip;]<\/p>\n","protected":false},"author":1,"featured_media":0,"parent":0,"menu_order":0,"comment_status":"closed","ping_status":"closed","template":"","meta":{"footnotes":""},"class_list":["post-74","page","type-page","status-publish","hentry"],"_links":{"self":[{"href":"https:\/\/4whospedagem.com.br\/duda\/cliente10\/wp-json\/wp\/v2\/pages\/74","targetHints":{"allow":["GET"]}}],"collection":[{"href":"https:\/\/4whospedagem.com.br\/duda\/cliente10\/wp-json\/wp\/v2\/pages"}],"about":[{"href":"https:\/\/4whospedagem.com.br\/duda\/cliente10\/wp-json\/wp\/v2\/types\/page"}],"author":[{"embeddable":true,"href":"https:\/\/4whospedagem.com.br\/duda\/cliente10\/wp-json\/wp\/v2\/users\/1"}],"replies":[{"embeddable":true,"href":"https:\/\/4whospedagem.com.br\/duda\/cliente10\/wp-json\/wp\/v2\/comments?post=74"}],"version-history":[{"count":16,"href":"https:\/\/4whospedagem.com.br\/duda\/cliente10\/wp-json\/wp\/v2\/pages\/74\/revisions"}],"predecessor-version":[{"id":218,"href":"https:\/\/4whospedagem.com.br\/duda\/cliente10\/wp-json\/wp\/v2\/pages\/74\/revisions\/218"}],"wp:attachment":[{"href":"https:\/\/4whospedagem.com.br\/duda\/cliente10\/wp-json\/wp\/v2\/media?parent=74"}],"curies":[{"name":"wp","href":"https:\/\/api.w.org\/{rel}","templated":true}]}}