{"id":65,"date":"2025-10-09T19:11:10","date_gmt":"2025-10-09T19:11:10","guid":{"rendered":"https:\/\/4whospedagem.com.br\/duda\/cliente10\/?page_id=65"},"modified":"2025-10-13T20:31:42","modified_gmt":"2025-10-13T20:31:42","slug":"venda","status":"publish","type":"page","link":"https:\/\/4whospedagem.com.br\/duda\/cliente10\/venda\/","title":{"rendered":"Venda"},"content":{"rendered":"\t\t<div data-elementor-type=\"wp-page\" data-elementor-id=\"65\" class=\"elementor elementor-65\" data-elementor-post-type=\"page\">\n\t\t\t\t<div class=\"elementor-element elementor-element-d80f12a e-flex e-con-boxed e-con e-parent\" data-id=\"d80f12a\" data-element_type=\"container\" data-settings=\"{&quot;background_background&quot;:&quot;classic&quot;}\">\n\t\t\t\t\t<div class=\"e-con-inner\">\n\t\t\t\t<div class=\"elementor-element elementor-element-ed00062 elementor-invisible elementor-widget elementor-widget-heading\" data-id=\"ed00062\" data-element_type=\"widget\" data-settings=\"{&quot;_animation&quot;:&quot;bounceIn&quot;}\" data-widget_type=\"heading.default\">\n\t\t\t\t\t<h2 class=\"elementor-heading-title elementor-size-default\">Venda de Empilhadeiras<\/h2>\t\t\t\t<\/div>\n\t\t\t\t\t<\/div>\n\t\t\t\t<\/div>\n\t\t<div class=\"elementor-element elementor-element-b2a34db e-flex e-con-boxed e-con e-parent\" data-id=\"b2a34db\" data-element_type=\"container\">\n\t\t\t\t\t<div class=\"e-con-inner\">\n\t\t<div class=\"elementor-element elementor-element-bb7c806 e-con-full e-flex e-con e-child\" data-id=\"bb7c806\" data-element_type=\"container\">\n\t\t\t\t<div class=\"elementor-element elementor-element-653e2e1 elementor-widget elementor-widget-image\" data-id=\"653e2e1\" data-element_type=\"widget\" data-widget_type=\"image.default\">\n\t\t\t\t\t\t\t\t\t\t\t\t\t\t\t<img fetchpriority=\"high\" decoding=\"async\" width=\"500\" height=\"500\" src=\"https:\/\/4whospedagem.com.br\/duda\/cliente10\/wp-content\/uploads\/2025\/10\/Empilhadeiras3-640w.webp\" class=\"attachment-large size-large wp-image-69\" alt=\"\" srcset=\"https:\/\/4whospedagem.com.br\/duda\/cliente10\/wp-content\/uploads\/2025\/10\/Empilhadeiras3-640w.webp 500w, https:\/\/4whospedagem.com.br\/duda\/cliente10\/wp-content\/uploads\/2025\/10\/Empilhadeiras3-640w-300x300.webp 300w, https:\/\/4whospedagem.com.br\/duda\/cliente10\/wp-content\/uploads\/2025\/10\/Empilhadeiras3-640w-150x150.webp 150w\" sizes=\"(max-width: 500px) 100vw, 500px\" \/>\t\t\t\t\t\t\t\t\t\t\t\t\t\t\t<\/div>\n\t\t\t\t<\/div>\n\t\t<div class=\"elementor-element elementor-element-c0145d9 e-con-full e-flex e-con e-child\" data-id=\"c0145d9\" data-element_type=\"container\">\n\t\t\t\t<div class=\"elementor-element elementor-element-48fa267 elementor-widget-divider--view-line elementor-widget elementor-widget-divider\" data-id=\"48fa267\" data-element_type=\"widget\" data-widget_type=\"divider.default\">\n\t\t\t\t\t\t\t<div class=\"elementor-divider\">\n\t\t\t<span class=\"elementor-divider-separator\">\n\t\t\t\t\t\t<\/span>\n\t\t<\/div>\n\t\t\t\t\t\t<\/div>\n\t\t\t\t<div class=\"elementor-element elementor-element-8428e02 elementor-widget elementor-widget-heading\" data-id=\"8428e02\" data-element_type=\"widget\" data-widget_type=\"heading.default\">\n\t\t\t\t\t<h2 class=\"elementor-heading-title elementor-size-default\">Empilhadeiras<\/h2>\t\t\t\t<\/div>\n\t\t\t\t<div class=\"elementor-element elementor-element-921bd77 elementor-widget elementor-widget-text-editor\" data-id=\"921bd77\" data-element_type=\"widget\" data-widget_type=\"text-editor.default\">\n\t\t\t\t\t\t\t\t\t<p class=\"m-text-align-justify m-size-16 text-align-justify size-18\"><span class=\"m-font-size-16 font-size-18\">ASL Empilhadeiras comercializa empilhadeiras GLP seminovas e usadas.<\/span><\/p><p class=\"m-text-align-justify m-size-16 text-align-justify size-18\"><span class=\"m-font-size-16 font-size-18\">Com uma equipe de vendas altamente capacitada para analisar as necessidades dos clientes, a ASL Empilhadeiras prop\u00f5e a melhor solu\u00e7\u00e3o em equipamentos para a sua empresa. Todas as empilhadeiras s\u00e3o revisadas e com garantia.<br \/><\/span><\/p><p class=\"m-text-align-justify m-size-16 text-align-justify size-18\"><span class=\"m-font-size-16 font-size-18\">Solicite uma demonstra\u00e7\u00e3o dos equipamentos e observe a robustez, aliado a um design moderno e uma economia incompar\u00e1vel.<\/span><\/p>\t\t\t\t\t\t\t\t<\/div>\n\t\t\t\t<div class=\"elementor-element elementor-element-f97a239 elementor-invisible elementor-widget elementor-widget-button\" data-id=\"f97a239\" data-element_type=\"widget\" data-settings=\"{&quot;_animation&quot;:&quot;slideInRight&quot;}\" data-widget_type=\"button.default\">\n\t\t\t\t\t\t\t\t\t\t<a class=\"elementor-button elementor-button-link elementor-size-sm\" href=\"https:\/\/4whospedagem.com.br\/duda\/cliente10\/contato\/\">\n\t\t\t\t\t\t<span class=\"elementor-button-content-wrapper\">\n\t\t\t\t\t\t\t\t\t<span class=\"elementor-button-text\">Solicite um or\u00e7amento<\/span>\n\t\t\t\t\t<\/span>\n\t\t\t\t\t<\/a>\n\t\t\t\t\t\t\t\t<\/div>\n\t\t\t\t<\/div>\n\t\t\t\t\t<\/div>\n\t\t\t\t<\/div>\n\t\t<div class=\"elementor-element elementor-element-7a60a06 e-flex e-con-boxed e-con e-parent\" data-id=\"7a60a06\" data-element_type=\"container\" data-settings=\"{&quot;background_background&quot;:&quot;classic&quot;}\">\n\t\t\t\t\t<div class=\"e-con-inner\">\n\t\t<div class=\"elementor-element elementor-element-55a3524 e-con-full e-flex e-con e-child\" data-id=\"55a3524\" data-element_type=\"container\">\n\t\t\t\t<div class=\"elementor-element elementor-element-34dd04e elementor-widget-divider--view-line elementor-widget elementor-widget-divider\" data-id=\"34dd04e\" data-element_type=\"widget\" data-widget_type=\"divider.default\">\n\t\t\t\t\t\t\t<div class=\"elementor-divider\">\n\t\t\t<span class=\"elementor-divider-separator\">\n\t\t\t\t\t\t<\/span>\n\t\t<\/div>\n\t\t\t\t\t\t<\/div>\n\t\t\t\t<div class=\"elementor-element elementor-element-ec677b1 elementor-widget elementor-widget-heading\" data-id=\"ec677b1\" data-element_type=\"widget\" data-widget_type=\"heading.default\">\n\t\t\t\t\t<h2 class=\"elementor-heading-title elementor-size-default\">Venda de Pneus para Empilhadeiras e Tratores<\/h2>\t\t\t\t<\/div>\n\t\t\t\t<div class=\"elementor-element elementor-element-c574163 elementor-widget elementor-widget-text-editor\" data-id=\"c574163\" data-element_type=\"widget\" data-widget_type=\"text-editor.default\">\n\t\t\t\t\t\t\t\t\t<p class=\"m-text-align-justify m-size-16 text-align-justify size-18\"><span class=\"font-size-18 m-font-size-16\">Pneus especialmente desenvolvidos com compostos de alta qualidade para reduzir o risco de danos e prolongar a vida \u00fatil do pneu de sua empilhadeira e trator.<\/span><\/p><p class=\"m-text-align-justify m-size-16 text-align-justify size-18\"><strong class=\"font-size-18 m-font-size-16\">Caracter\u00edsticas:<\/strong><\/p><p class=\"m-text-align-justify m-size-16 text-align-justify size-18\"><span class=\"font-size-18 m-font-size-16\">&#8211; maior resist\u00eancia a cortes<\/span><\/p><p class=\"m-text-align-justify m-size-16 text-align-justify size-18\"><span class=\"font-size-18 m-font-size-16\">&#8211; alta produtividade e efici\u00eancia<\/span><\/p><p class=\"m-text-align-justify m-size-16 text-align-justify size-18\"><span class=\"font-size-18 m-font-size-16\">&#8211; rodagem est\u00e1vel, menos vibra\u00e7\u00f5es<\/span><\/p><p class=\"m-text-align-justify m-size-16 text-align-justify size-18\"><span class=\"font-size-18 m-font-size-16\">&#8211; suporta longos percursos com seguran\u00e7a<\/span><\/p><p class=\"m-text-align-justify m-size-16 text-align-justify size-18\"><span class=\"font-size-18 m-font-size-16\">&#8211; conforto e estabilidade ao condutor<\/span><\/p>\t\t\t\t\t\t\t\t<\/div>\n\t\t\t\t<div class=\"elementor-element elementor-element-fb83c5a elementor-invisible elementor-widget elementor-widget-button\" data-id=\"fb83c5a\" data-element_type=\"widget\" data-settings=\"{&quot;_animation&quot;:&quot;slideInLeft&quot;}\" data-widget_type=\"button.default\">\n\t\t\t\t\t\t\t\t\t\t<a class=\"elementor-button elementor-button-link elementor-size-sm\" href=\"https:\/\/4whospedagem.com.br\/duda\/cliente10\/contato\/\">\n\t\t\t\t\t\t<span class=\"elementor-button-content-wrapper\">\n\t\t\t\t\t\t\t\t\t<span class=\"elementor-button-text\">Solicite um or\u00e7amento<\/span>\n\t\t\t\t\t<\/span>\n\t\t\t\t\t<\/a>\n\t\t\t\t\t\t\t\t<\/div>\n\t\t\t\t<\/div>\n\t\t<div class=\"elementor-element elementor-element-64c9a55 e-con-full e-flex e-con e-child\" data-id=\"64c9a55\" data-element_type=\"container\">\n\t\t\t\t<div class=\"elementor-element elementor-element-12df641 elementor-widget elementor-widget-image\" data-id=\"12df641\" data-element_type=\"widget\" data-widget_type=\"image.default\">\n\t\t\t\t\t\t\t\t\t\t\t\t\t\t\t<img decoding=\"async\" width=\"500\" height=\"500\" src=\"https:\/\/4whospedagem.com.br\/duda\/cliente10\/wp-content\/uploads\/2025\/10\/PneuTrator-640w.webp\" class=\"attachment-large size-large wp-image-70\" alt=\"\" srcset=\"https:\/\/4whospedagem.com.br\/duda\/cliente10\/wp-content\/uploads\/2025\/10\/PneuTrator-640w.webp 500w, https:\/\/4whospedagem.com.br\/duda\/cliente10\/wp-content\/uploads\/2025\/10\/PneuTrator-640w-300x300.webp 300w, https:\/\/4whospedagem.com.br\/duda\/cliente10\/wp-content\/uploads\/2025\/10\/PneuTrator-640w-150x150.webp 150w\" sizes=\"(max-width: 500px) 100vw, 500px\" \/>\t\t\t\t\t\t\t\t\t\t\t\t\t\t\t<\/div>\n\t\t\t\t<\/div>\n\t\t\t\t\t<\/div>\n\t\t\t\t<\/div>\n\t\t\t\t<\/div>\n\t\t","protected":false},"excerpt":{"rendered":"<p>Venda de Empilhadeiras Empilhadeiras ASL Empilhadeiras comercializa empilhadeiras GLP seminovas e usadas. Com uma equipe de vendas altamente capacitada para analisar as necessidades dos clientes, a ASL Empilhadeiras prop\u00f5e a melhor solu\u00e7\u00e3o em equipamentos para a sua empresa. Todas as empilhadeiras s\u00e3o revisadas e com garantia. Solicite uma demonstra\u00e7\u00e3o dos equipamentos e observe a robustez, [&hellip;]<\/p>\n","protected":false},"author":1,"featured_media":0,"parent":0,"menu_order":0,"comment_status":"closed","ping_status":"closed","template":"","meta":{"footnotes":""},"class_list":["post-65","page","type-page","status-publish","hentry"],"_links":{"self":[{"href":"https:\/\/4whospedagem.com.br\/duda\/cliente10\/wp-json\/wp\/v2\/pages\/65","targetHints":{"allow":["GET"]}}],"collection":[{"href":"https:\/\/4whospedagem.com.br\/duda\/cliente10\/wp-json\/wp\/v2\/pages"}],"about":[{"href":"https:\/\/4whospedagem.com.br\/duda\/cliente10\/wp-json\/wp\/v2\/types\/page"}],"author":[{"embeddable":true,"href":"https:\/\/4whospedagem.com.br\/duda\/cliente10\/wp-json\/wp\/v2\/users\/1"}],"replies":[{"embeddable":true,"href":"https:\/\/4whospedagem.com.br\/duda\/cliente10\/wp-json\/wp\/v2\/comments?post=65"}],"version-history":[{"count":10,"href":"https:\/\/4whospedagem.com.br\/duda\/cliente10\/wp-json\/wp\/v2\/pages\/65\/revisions"}],"predecessor-version":[{"id":214,"href":"https:\/\/4whospedagem.com.br\/duda\/cliente10\/wp-json\/wp\/v2\/pages\/65\/revisions\/214"}],"wp:attachment":[{"href":"https:\/\/4whospedagem.com.br\/duda\/cliente10\/wp-json\/wp\/v2\/media?parent=65"}],"curies":[{"name":"wp","href":"https:\/\/api.w.org\/{rel}","templated":true}]}}