{"id":47,"date":"2025-10-09T18:55:25","date_gmt":"2025-10-09T18:55:25","guid":{"rendered":"https:\/\/4whospedagem.com.br\/duda\/cliente10\/?page_id=47"},"modified":"2025-10-13T20:30:15","modified_gmt":"2025-10-13T20:30:15","slug":"sobre-nos","status":"publish","type":"page","link":"https:\/\/4whospedagem.com.br\/duda\/cliente10\/sobre-nos\/","title":{"rendered":"Sobre N\u00f3s"},"content":{"rendered":"\t\t<div data-elementor-type=\"wp-page\" data-elementor-id=\"47\" class=\"elementor elementor-47\" data-elementor-post-type=\"page\">\n\t\t\t\t<div class=\"elementor-element elementor-element-d80f12a e-flex e-con-boxed e-con e-parent\" data-id=\"d80f12a\" data-element_type=\"container\" data-settings=\"{&quot;background_background&quot;:&quot;classic&quot;}\">\n\t\t\t\t\t<div class=\"e-con-inner\">\n\t\t\t\t<div class=\"elementor-element elementor-element-ed00062 elementor-invisible elementor-widget elementor-widget-heading\" data-id=\"ed00062\" data-element_type=\"widget\" data-settings=\"{&quot;_animation&quot;:&quot;bounceInDown&quot;}\" data-widget_type=\"heading.default\">\n\t\t\t\t\t<h2 class=\"elementor-heading-title elementor-size-default\">Sobre N\u00f3s<\/h2>\t\t\t\t<\/div>\n\t\t\t\t\t<\/div>\n\t\t\t\t<\/div>\n\t\t<div class=\"elementor-element elementor-element-b2a34db e-flex e-con-boxed e-con e-parent\" data-id=\"b2a34db\" data-element_type=\"container\">\n\t\t\t\t\t<div class=\"e-con-inner\">\n\t\t<div class=\"elementor-element elementor-element-bb7c806 e-con-full e-flex e-con e-child\" data-id=\"bb7c806\" data-element_type=\"container\">\n\t\t\t\t<div class=\"elementor-element elementor-element-653e2e1 elementor-widget elementor-widget-image\" data-id=\"653e2e1\" data-element_type=\"widget\" data-widget_type=\"image.default\">\n\t\t\t\t\t\t\t\t\t\t\t\t\t\t\t<img fetchpriority=\"high\" decoding=\"async\" width=\"500\" height=\"500\" src=\"https:\/\/4whospedagem.com.br\/duda\/cliente10\/wp-content\/uploads\/2025\/10\/Empilhadeiras5-640w.webp\" class=\"attachment-large size-large wp-image-50\" alt=\"\" srcset=\"https:\/\/4whospedagem.com.br\/duda\/cliente10\/wp-content\/uploads\/2025\/10\/Empilhadeiras5-640w.webp 500w, https:\/\/4whospedagem.com.br\/duda\/cliente10\/wp-content\/uploads\/2025\/10\/Empilhadeiras5-640w-300x300.webp 300w, https:\/\/4whospedagem.com.br\/duda\/cliente10\/wp-content\/uploads\/2025\/10\/Empilhadeiras5-640w-150x150.webp 150w\" sizes=\"(max-width: 500px) 100vw, 500px\" \/>\t\t\t\t\t\t\t\t\t\t\t\t\t\t\t<\/div>\n\t\t\t\t<\/div>\n\t\t<div class=\"elementor-element elementor-element-c0145d9 e-con-full e-flex elementor-invisible e-con e-child\" data-id=\"c0145d9\" data-element_type=\"container\" data-settings=\"{&quot;animation&quot;:&quot;slideInRight&quot;}\">\n\t\t\t\t<div class=\"elementor-element elementor-element-48fa267 elementor-widget-divider--view-line elementor-widget elementor-widget-divider\" data-id=\"48fa267\" data-element_type=\"widget\" data-widget_type=\"divider.default\">\n\t\t\t\t\t\t\t<div class=\"elementor-divider\">\n\t\t\t<span class=\"elementor-divider-separator\">\n\t\t\t\t\t\t<\/span>\n\t\t<\/div>\n\t\t\t\t\t\t<\/div>\n\t\t\t\t<div class=\"elementor-element elementor-element-8428e02 elementor-widget elementor-widget-heading\" data-id=\"8428e02\" data-element_type=\"widget\" data-widget_type=\"heading.default\">\n\t\t\t\t\t<h2 class=\"elementor-heading-title elementor-size-default\">A Empresa<\/h2>\t\t\t\t<\/div>\n\t\t\t\t<div class=\"elementor-element elementor-element-921bd77 elementor-widget elementor-widget-text-editor\" data-id=\"921bd77\" data-element_type=\"widget\" data-widget_type=\"text-editor.default\">\n\t\t\t\t\t\t\t\t\t<p class=\"m-size-16 text-align-justify size-18\"><span class=\"m-font-size-16 font-size-18\">ASL Empilhadeiras \u00e9 uma empresa especializada em manuten\u00e7\u00e3o, loca\u00e7\u00e3o e venda de empilhadeiras. Est\u00e1 presente mercado oficialmente desde 2009, mas vem adquirindo experi\u00eancia no segmento desde 1995.<\/span><\/p><p class=\"m-size-16 text-align-justify size-18\"><span class=\"m-font-size-16 font-size-18\">Tem como diferencial a manuten\u00e7\u00e3o em todos os modelos de empilhadeiras \u00e0 combust\u00e3o, utilizando sempre pe\u00e7as de qualidade e atuando com valores competitivos, al\u00e9m da constante busca por inova\u00e7\u00f5es, com a finalidade de surpreender e superar as expectativas dos parceiros. Conta tamb\u00e9m com equipa profissional alinhada com os objetivos e necessidades de cada cliente.<\/span><\/p><p class=\"m-size-16 m-text-align-center text-align-justify size-18\"><span class=\"m-font-size-16 font-size-18\">A ASL cuida da sua empilhadeira para que voc\u00ea tenha mais tempo para focar em seus neg\u00f3cios.<\/span><\/p>\t\t\t\t\t\t\t\t<\/div>\n\t\t\t\t<\/div>\n\t\t\t\t\t<\/div>\n\t\t\t\t<\/div>\n\t\t<div class=\"elementor-element elementor-element-b06bc67 e-flex e-con-boxed elementor-invisible e-con e-parent\" data-id=\"b06bc67\" data-element_type=\"container\" data-settings=\"{&quot;background_background&quot;:&quot;classic&quot;,&quot;animation&quot;:&quot;slideInUp&quot;}\">\n\t\t\t\t\t<div class=\"e-con-inner\">\n\t\t<div class=\"elementor-element elementor-element-11e7bdc2 e-con-full e-flex e-con e-child\" data-id=\"11e7bdc2\" data-element_type=\"container\">\n\t\t\t\t<div class=\"elementor-element elementor-element-1c28e866 elementor-invisible elementor-widget elementor-widget-image\" data-id=\"1c28e866\" data-element_type=\"widget\" data-settings=\"{&quot;_animation&quot;:&quot;slideInLeft&quot;}\" data-widget_type=\"image.default\">\n\t\t\t\t\t\t\t\t\t\t\t\t\t\t\t<img decoding=\"async\" width=\"482\" height=\"361\" src=\"https:\/\/4whospedagem.com.br\/duda\/cliente10\/wp-content\/uploads\/2025\/10\/Empilhadeira-689w.webp\" class=\"attachment-large size-large wp-image-29\" alt=\"\" srcset=\"https:\/\/4whospedagem.com.br\/duda\/cliente10\/wp-content\/uploads\/2025\/10\/Empilhadeira-689w.webp 482w, https:\/\/4whospedagem.com.br\/duda\/cliente10\/wp-content\/uploads\/2025\/10\/Empilhadeira-689w-300x225.webp 300w\" sizes=\"(max-width: 482px) 100vw, 482px\" \/>\t\t\t\t\t\t\t\t\t\t\t\t\t\t\t<\/div>\n\t\t\t\t<\/div>\n\t\t<div class=\"elementor-element elementor-element-4f4516b6 e-con-full e-flex e-con e-child\" data-id=\"4f4516b6\" data-element_type=\"container\">\n\t\t\t\t<div class=\"elementor-element elementor-element-2b116ebe elementor-widget-divider--view-line elementor-widget elementor-widget-divider\" data-id=\"2b116ebe\" data-element_type=\"widget\" data-widget_type=\"divider.default\">\n\t\t\t\t\t\t\t<div class=\"elementor-divider\">\n\t\t\t<span class=\"elementor-divider-separator\">\n\t\t\t\t\t\t<\/span>\n\t\t<\/div>\n\t\t\t\t\t\t<\/div>\n\t\t\t\t<div class=\"elementor-element elementor-element-5262ecb elementor-invisible elementor-widget elementor-widget-heading\" data-id=\"5262ecb\" data-element_type=\"widget\" data-settings=\"{&quot;_animation&quot;:&quot;slideInRight&quot;}\" data-widget_type=\"heading.default\">\n\t\t\t\t\t<h3 class=\"elementor-heading-title elementor-size-default\"><div class=\"dmNewParagraph u_1491051325\" data-element-type=\"paragraph\" data-version=\"5\" id=\"1491051325\" style=\"max-width: 100%;line-height: normal;font-size: 15px;font-weight: 300;margin: 8px auto 8px 0px !important;padding: 2px 0px !important;float: none !important;top: 0px !important;left: 0px !important;width: 574.391px !important;position: relative !important;height: auto !important;min-height: auto !important;min-width: 0px !important\"><h2 class=\"m-size-32 m-text-align-center size-36 text-align-left\" style=\"margin: 0px;font-size: 40px;direction: ltr;text-decoration: inherit;width: auto !important;height: auto !important\"><span class=\"m-font-size-32 font-size-36\" style=\"font-weight: bold;font-size: 36px !important;width: auto !important;height: auto !important\">Excel\u00eancia no Atendimento<\/span><\/h2><\/div><div class=\"u_1016343897 dmNewParagraph\" data-element-type=\"paragraph\" data-version=\"5\" id=\"1016343897\" style=\"max-width: 100%;line-height: normal;font-size: 15px;font-weight: 300;margin: 8px auto !important;padding: 2px 0px !important;float: none !important;top: 0px !important;left: 0px !important;width: 670.375px !important;position: relative !important;height: auto !important;min-height: auto !important;min-width: 0px !important\"><p class=\"m-size-14 size-18 text-align-justify\" style=\"margin-top: 0px;margin-bottom: 0px;font-size: 18px !important;width: auto !important;height: auto !important;text-align: justify !important\"><span class=\"m-font-size-14 font-size-18\" style=\"width: auto !important;height: auto !important\">Nossa miss\u00e3o \u00e9 garantir a manuten\u00e7\u00e3o da excel\u00eancia no atendimento t\u00e9cnico aos clientes, para uma log\u00edstica mais \u00e1gil e segura.<\/span><\/p><\/div><\/h3>\t\t\t\t<\/div>\n\t\t\t\t<div class=\"elementor-element elementor-element-692c4ebb elementor-mobile-align-center elementor-invisible elementor-widget elementor-widget-button\" data-id=\"692c4ebb\" data-element_type=\"widget\" data-settings=\"{&quot;_animation&quot;:&quot;slideInRight&quot;}\" data-widget_type=\"button.default\">\n\t\t\t\t\t\t\t\t\t\t<a class=\"elementor-button elementor-button-link elementor-size-sm\" href=\"https:\/\/4whospedagem.com.br\/duda\/cliente10\/contato\/\">\n\t\t\t\t\t\t<span class=\"elementor-button-content-wrapper\">\n\t\t\t\t\t\t\t\t\t<span class=\"elementor-button-text\">Fale Conosco<\/span>\n\t\t\t\t\t<\/span>\n\t\t\t\t\t<\/a>\n\t\t\t\t\t\t\t\t<\/div>\n\t\t\t\t<\/div>\n\t\t\t\t\t<\/div>\n\t\t\t\t<\/div>\n\t\t\t\t<\/div>\n\t\t","protected":false},"excerpt":{"rendered":"<p>Sobre N\u00f3s A Empresa ASL Empilhadeiras \u00e9 uma empresa especializada em manuten\u00e7\u00e3o, loca\u00e7\u00e3o e venda de empilhadeiras. Est\u00e1 presente mercado oficialmente desde 2009, mas vem adquirindo experi\u00eancia no segmento desde 1995. Tem como diferencial a manuten\u00e7\u00e3o em todos os modelos de empilhadeiras \u00e0 combust\u00e3o, utilizando sempre pe\u00e7as de qualidade e atuando com valores competitivos, al\u00e9m [&hellip;]<\/p>\n","protected":false},"author":1,"featured_media":0,"parent":0,"menu_order":0,"comment_status":"closed","ping_status":"closed","template":"","meta":{"footnotes":""},"class_list":["post-47","page","type-page","status-publish","hentry"],"_links":{"self":[{"href":"https:\/\/4whospedagem.com.br\/duda\/cliente10\/wp-json\/wp\/v2\/pages\/47","targetHints":{"allow":["GET"]}}],"collection":[{"href":"https:\/\/4whospedagem.com.br\/duda\/cliente10\/wp-json\/wp\/v2\/pages"}],"about":[{"href":"https:\/\/4whospedagem.com.br\/duda\/cliente10\/wp-json\/wp\/v2\/types\/page"}],"author":[{"embeddable":true,"href":"https:\/\/4whospedagem.com.br\/duda\/cliente10\/wp-json\/wp\/v2\/users\/1"}],"replies":[{"embeddable":true,"href":"https:\/\/4whospedagem.com.br\/duda\/cliente10\/wp-json\/wp\/v2\/comments?post=47"}],"version-history":[{"count":15,"href":"https:\/\/4whospedagem.com.br\/duda\/cliente10\/wp-json\/wp\/v2\/pages\/47\/revisions"}],"predecessor-version":[{"id":211,"href":"https:\/\/4whospedagem.com.br\/duda\/cliente10\/wp-json\/wp\/v2\/pages\/47\/revisions\/211"}],"wp:attachment":[{"href":"https:\/\/4whospedagem.com.br\/duda\/cliente10\/wp-json\/wp\/v2\/media?parent=47"}],"curies":[{"name":"wp","href":"https:\/\/api.w.org\/{rel}","templated":true}]}}