{"id":188,"date":"2025-10-13T20:10:36","date_gmt":"2025-10-13T20:10:36","guid":{"rendered":"https:\/\/4whospedagem.com.br\/duda\/cliente10\/?page_id=188"},"modified":"2025-10-13T20:11:18","modified_gmt":"2025-10-13T20:11:18","slug":"servicos","status":"publish","type":"page","link":"https:\/\/4whospedagem.com.br\/duda\/cliente10\/servicos\/","title":{"rendered":"Servi\u00e7os"},"content":{"rendered":"\t\t<div data-elementor-type=\"wp-page\" data-elementor-id=\"188\" class=\"elementor elementor-188\" data-elementor-post-type=\"page\">\n\t\t\t\t<div class=\"elementor-element elementor-element-d80f12a e-flex e-con-boxed e-con e-parent\" data-id=\"d80f12a\" data-element_type=\"container\" data-settings=\"{&quot;background_background&quot;:&quot;classic&quot;}\">\n\t\t\t\t\t<div class=\"e-con-inner\">\n\t\t\t\t<div class=\"elementor-element elementor-element-ed00062 elementor-widget elementor-widget-heading\" data-id=\"ed00062\" data-element_type=\"widget\" data-widget_type=\"heading.default\">\n\t\t\t\t\t<h2 class=\"elementor-heading-title elementor-size-default\">Servi\u00e7os ASL Empilhadeiras<\/h2>\t\t\t\t<\/div>\n\t\t\t\t\t<\/div>\n\t\t\t\t<\/div>\n\t\t<div class=\"elementor-element elementor-element-451d29f0 e-flex e-con-boxed e-con e-parent\" data-id=\"451d29f0\" data-element_type=\"container\">\n\t\t\t\t\t<div class=\"e-con-inner\">\n\t\t\t\t<div class=\"elementor-element elementor-element-34c5fc48 elementor-widget-divider--view-line elementor-widget elementor-widget-divider\" data-id=\"34c5fc48\" data-element_type=\"widget\" data-widget_type=\"divider.default\">\n\t\t\t\t\t\t\t<div class=\"elementor-divider\">\n\t\t\t<span class=\"elementor-divider-separator\">\n\t\t\t\t\t\t<\/span>\n\t\t<\/div>\n\t\t\t\t\t\t<\/div>\n\t\t\t\t<div class=\"elementor-element elementor-element-58468fea elementor-widget elementor-widget-heading\" data-id=\"58468fea\" data-element_type=\"widget\" data-widget_type=\"heading.default\">\n\t\t\t\t\t<h2 class=\"elementor-heading-title elementor-size-default\">Temos a solu\u00e7\u00e3o que sua empresa precisa<\/h2>\t\t\t\t<\/div>\n\t\t\t\t<div class=\"elementor-element elementor-element-71d850e1 elementor-widget elementor-widget-text-editor\" data-id=\"71d850e1\" data-element_type=\"widget\" data-widget_type=\"text-editor.default\">\n\t\t\t\t\t\t\t\t\t<p class=\"m-size-26 text-align-center m-text-align-center size-36\">Veja como a ASL Empilhadeiras pode te ajudar<\/p>\t\t\t\t\t\t\t\t<\/div>\n\t\t<div class=\"elementor-element elementor-element-76f13655 e-grid e-con-full elementor-hidden-desktop elementor-hidden-tablet e-con e-child\" data-id=\"76f13655\" data-element_type=\"container\">\n\t\t\t\t<div class=\"elementor-element elementor-element-38c766c6 elementor-position-top elementor-widget elementor-widget-image-box\" data-id=\"38c766c6\" data-element_type=\"widget\" data-widget_type=\"image-box.default\">\n\t\t\t\t\t<div class=\"elementor-image-box-wrapper\"><figure class=\"elementor-image-box-img\"><img fetchpriority=\"high\" decoding=\"async\" width=\"500\" height=\"500\" src=\"https:\/\/4whospedagem.com.br\/duda\/cliente10\/wp-content\/uploads\/2025\/10\/Venda-640w.webp\" class=\"attachment-full size-full wp-image-26\" alt=\"\" srcset=\"https:\/\/4whospedagem.com.br\/duda\/cliente10\/wp-content\/uploads\/2025\/10\/Venda-640w.webp 500w, https:\/\/4whospedagem.com.br\/duda\/cliente10\/wp-content\/uploads\/2025\/10\/Venda-640w-300x300.webp 300w, https:\/\/4whospedagem.com.br\/duda\/cliente10\/wp-content\/uploads\/2025\/10\/Venda-640w-150x150.webp 150w\" sizes=\"(max-width: 500px) 100vw, 500px\" \/><\/figure><div class=\"elementor-image-box-content\"><h3 class=\"elementor-image-box-title\">VENDA<\/h3><p class=\"elementor-image-box-description\">ASL Empilhadeiras comercializa empilhadeiras GLP seminovas e usadas.<\/p><\/div><\/div>\t\t\t\t<\/div>\n\t\t\t\t<div class=\"elementor-element elementor-element-2f64f31c elementor-align-center elementor-widget elementor-widget-button\" data-id=\"2f64f31c\" data-element_type=\"widget\" data-widget_type=\"button.default\">\n\t\t\t\t\t\t\t\t\t\t<a class=\"elementor-button elementor-button-link elementor-size-sm\" href=\"https:\/\/4whospedagem.com.br\/duda\/cliente10\/venda\/\">\n\t\t\t\t\t\t<span class=\"elementor-button-content-wrapper\">\n\t\t\t\t\t\t\t\t\t<span class=\"elementor-button-text\">Saiba mais<\/span>\n\t\t\t\t\t<\/span>\n\t\t\t\t\t<\/a>\n\t\t\t\t\t\t\t\t<\/div>\n\t\t\t\t<div class=\"elementor-element elementor-element-7a64b394 elementor-position-top elementor-widget elementor-widget-image-box\" data-id=\"7a64b394\" data-element_type=\"widget\" data-widget_type=\"image-box.default\">\n\t\t\t\t\t<div class=\"elementor-image-box-wrapper\"><figure class=\"elementor-image-box-img\"><img decoding=\"async\" width=\"500\" height=\"500\" src=\"https:\/\/4whospedagem.com.br\/duda\/cliente10\/wp-content\/uploads\/2025\/10\/Manutencao-640w.webp\" class=\"attachment-full size-full wp-image-27\" alt=\"\" srcset=\"https:\/\/4whospedagem.com.br\/duda\/cliente10\/wp-content\/uploads\/2025\/10\/Manutencao-640w.webp 500w, https:\/\/4whospedagem.com.br\/duda\/cliente10\/wp-content\/uploads\/2025\/10\/Manutencao-640w-300x300.webp 300w, https:\/\/4whospedagem.com.br\/duda\/cliente10\/wp-content\/uploads\/2025\/10\/Manutencao-640w-150x150.webp 150w\" sizes=\"(max-width: 500px) 100vw, 500px\" \/><\/figure><div class=\"elementor-image-box-content\"><h3 class=\"elementor-image-box-title\">MANUTEN\u00c7\u00c3O<\/h3><p class=\"elementor-image-box-description\">A manuten\u00e7\u00e3o preventiva garante o bom funcionamento da empilhadeira, reduz custos com reparos.<\/p><\/div><\/div>\t\t\t\t<\/div>\n\t\t\t\t<div class=\"elementor-element elementor-element-40ae2fc2 elementor-align-center elementor-widget elementor-widget-button\" data-id=\"40ae2fc2\" data-element_type=\"widget\" data-widget_type=\"button.default\">\n\t\t\t\t\t\t\t\t\t\t<a class=\"elementor-button elementor-button-link elementor-size-sm\" href=\"https:\/\/4whospedagem.com.br\/duda\/cliente10\/manutencao\/\">\n\t\t\t\t\t\t<span class=\"elementor-button-content-wrapper\">\n\t\t\t\t\t\t\t\t\t<span class=\"elementor-button-text\">Saiba mais<\/span>\n\t\t\t\t\t<\/span>\n\t\t\t\t\t<\/a>\n\t\t\t\t\t\t\t\t<\/div>\n\t\t\t\t<div class=\"elementor-element elementor-element-358f2bdb elementor-position-top elementor-widget elementor-widget-image-box\" data-id=\"358f2bdb\" data-element_type=\"widget\" data-widget_type=\"image-box.default\">\n\t\t\t\t\t<div class=\"elementor-image-box-wrapper\"><figure class=\"elementor-image-box-img\"><img decoding=\"async\" width=\"500\" height=\"500\" src=\"https:\/\/4whospedagem.com.br\/duda\/cliente10\/wp-content\/uploads\/2025\/10\/Aluguel-640w.webp\" class=\"attachment-full size-full wp-image-25\" alt=\"\" srcset=\"https:\/\/4whospedagem.com.br\/duda\/cliente10\/wp-content\/uploads\/2025\/10\/Aluguel-640w.webp 500w, https:\/\/4whospedagem.com.br\/duda\/cliente10\/wp-content\/uploads\/2025\/10\/Aluguel-640w-300x300.webp 300w, https:\/\/4whospedagem.com.br\/duda\/cliente10\/wp-content\/uploads\/2025\/10\/Aluguel-640w-150x150.webp 150w\" sizes=\"(max-width: 500px) 100vw, 500px\" \/><\/figure><div class=\"elementor-image-box-content\"><h3 class=\"elementor-image-box-title\">LOCA\u00c7\u00c3O<\/h3><p class=\"elementor-image-box-description\">O cliente mant\u00e9m o foco no neg\u00f3cio enquanto a ASL Empilhadeiras gerencia o equipamento.<\/p><\/div><\/div>\t\t\t\t<\/div>\n\t\t\t\t<div class=\"elementor-element elementor-element-55c62d30 elementor-align-center elementor-widget elementor-widget-button\" data-id=\"55c62d30\" data-element_type=\"widget\" data-widget_type=\"button.default\">\n\t\t\t\t\t\t\t\t\t\t<a class=\"elementor-button elementor-button-link elementor-size-sm\" href=\"https:\/\/4whospedagem.com.br\/duda\/cliente10\/locacao\/\">\n\t\t\t\t\t\t<span class=\"elementor-button-content-wrapper\">\n\t\t\t\t\t\t\t\t\t<span class=\"elementor-button-text\">Saiba mais<\/span>\n\t\t\t\t\t<\/span>\n\t\t\t\t\t<\/a>\n\t\t\t\t\t\t\t\t<\/div>\n\t\t\t\t<\/div>\n\t\t<div class=\"elementor-element elementor-element-11968b5b e-grid e-con-full elementor-hidden-mobile e-con e-child\" data-id=\"11968b5b\" data-element_type=\"container\">\n\t\t\t\t<div class=\"elementor-element elementor-element-66ab16b2 elementor-position-top elementor-widget elementor-widget-image-box\" data-id=\"66ab16b2\" data-element_type=\"widget\" data-widget_type=\"image-box.default\">\n\t\t\t\t\t<div class=\"elementor-image-box-wrapper\"><figure class=\"elementor-image-box-img\"><img fetchpriority=\"high\" decoding=\"async\" width=\"500\" height=\"500\" src=\"https:\/\/4whospedagem.com.br\/duda\/cliente10\/wp-content\/uploads\/2025\/10\/Venda-640w.webp\" class=\"attachment-full size-full wp-image-26\" alt=\"\" srcset=\"https:\/\/4whospedagem.com.br\/duda\/cliente10\/wp-content\/uploads\/2025\/10\/Venda-640w.webp 500w, https:\/\/4whospedagem.com.br\/duda\/cliente10\/wp-content\/uploads\/2025\/10\/Venda-640w-300x300.webp 300w, https:\/\/4whospedagem.com.br\/duda\/cliente10\/wp-content\/uploads\/2025\/10\/Venda-640w-150x150.webp 150w\" sizes=\"(max-width: 500px) 100vw, 500px\" \/><\/figure><div class=\"elementor-image-box-content\"><h3 class=\"elementor-image-box-title\">VENDA<\/h3><p class=\"elementor-image-box-description\">ASL Empilhadeiras comercializa empilhadeiras GLP seminovas e usadas.<\/p><\/div><\/div>\t\t\t\t<\/div>\n\t\t\t\t<div class=\"elementor-element elementor-element-30fc694e elementor-position-top elementor-widget elementor-widget-image-box\" data-id=\"30fc694e\" data-element_type=\"widget\" data-widget_type=\"image-box.default\">\n\t\t\t\t\t<div class=\"elementor-image-box-wrapper\"><figure class=\"elementor-image-box-img\"><img decoding=\"async\" width=\"500\" height=\"500\" src=\"https:\/\/4whospedagem.com.br\/duda\/cliente10\/wp-content\/uploads\/2025\/10\/Manutencao-640w.webp\" class=\"attachment-full size-full wp-image-27\" alt=\"\" srcset=\"https:\/\/4whospedagem.com.br\/duda\/cliente10\/wp-content\/uploads\/2025\/10\/Manutencao-640w.webp 500w, https:\/\/4whospedagem.com.br\/duda\/cliente10\/wp-content\/uploads\/2025\/10\/Manutencao-640w-300x300.webp 300w, https:\/\/4whospedagem.com.br\/duda\/cliente10\/wp-content\/uploads\/2025\/10\/Manutencao-640w-150x150.webp 150w\" sizes=\"(max-width: 500px) 100vw, 500px\" \/><\/figure><div class=\"elementor-image-box-content\"><h3 class=\"elementor-image-box-title\">MANUTEN\u00c7\u00c3O<\/h3><p class=\"elementor-image-box-description\">A manuten\u00e7\u00e3o preventiva garante o bom funcionamento da empilhadeira, reduz custos com reparos.<\/p><\/div><\/div>\t\t\t\t<\/div>\n\t\t\t\t<div class=\"elementor-element elementor-element-49c4cf12 elementor-position-top elementor-widget elementor-widget-image-box\" data-id=\"49c4cf12\" data-element_type=\"widget\" data-widget_type=\"image-box.default\">\n\t\t\t\t\t<div class=\"elementor-image-box-wrapper\"><figure class=\"elementor-image-box-img\"><img decoding=\"async\" width=\"500\" height=\"500\" src=\"https:\/\/4whospedagem.com.br\/duda\/cliente10\/wp-content\/uploads\/2025\/10\/Aluguel-640w.webp\" class=\"attachment-full size-full wp-image-25\" alt=\"\" srcset=\"https:\/\/4whospedagem.com.br\/duda\/cliente10\/wp-content\/uploads\/2025\/10\/Aluguel-640w.webp 500w, https:\/\/4whospedagem.com.br\/duda\/cliente10\/wp-content\/uploads\/2025\/10\/Aluguel-640w-300x300.webp 300w, https:\/\/4whospedagem.com.br\/duda\/cliente10\/wp-content\/uploads\/2025\/10\/Aluguel-640w-150x150.webp 150w\" sizes=\"(max-width: 500px) 100vw, 500px\" \/><\/figure><div class=\"elementor-image-box-content\"><h3 class=\"elementor-image-box-title\">LOCA\u00c7\u00c3O<\/h3><p class=\"elementor-image-box-description\">O cliente mant\u00e9m o foco no neg\u00f3cio enquanto a ASL Empilhadeiras gerencia o equipamento.<\/p><\/div><\/div>\t\t\t\t<\/div>\n\t\t\t\t<div class=\"elementor-element elementor-element-11a36233 elementor-align-center elementor-widget elementor-widget-button\" data-id=\"11a36233\" data-element_type=\"widget\" data-widget_type=\"button.default\">\n\t\t\t\t\t\t\t\t\t\t<a class=\"elementor-button elementor-button-link elementor-size-sm\" href=\"https:\/\/4whospedagem.com.br\/duda\/cliente10\/venda\/\">\n\t\t\t\t\t\t<span class=\"elementor-button-content-wrapper\">\n\t\t\t\t\t\t\t\t\t<span class=\"elementor-button-text\">Saiba mais<\/span>\n\t\t\t\t\t<\/span>\n\t\t\t\t\t<\/a>\n\t\t\t\t\t\t\t\t<\/div>\n\t\t\t\t<div class=\"elementor-element elementor-element-1e17c8d8 elementor-align-center elementor-widget elementor-widget-button\" data-id=\"1e17c8d8\" data-element_type=\"widget\" data-widget_type=\"button.default\">\n\t\t\t\t\t\t\t\t\t\t<a class=\"elementor-button elementor-button-link elementor-size-sm\" href=\"https:\/\/4whospedagem.com.br\/duda\/cliente10\/manutencao\/\">\n\t\t\t\t\t\t<span class=\"elementor-button-content-wrapper\">\n\t\t\t\t\t\t\t\t\t<span class=\"elementor-button-text\">Saiba mais<\/span>\n\t\t\t\t\t<\/span>\n\t\t\t\t\t<\/a>\n\t\t\t\t\t\t\t\t<\/div>\n\t\t\t\t<div class=\"elementor-element elementor-element-1a92f586 elementor-align-center elementor-widget elementor-widget-button\" data-id=\"1a92f586\" data-element_type=\"widget\" data-widget_type=\"button.default\">\n\t\t\t\t\t\t\t\t\t\t<a class=\"elementor-button elementor-button-link elementor-size-sm\" href=\"https:\/\/4whospedagem.com.br\/duda\/cliente10\/locacao\/\">\n\t\t\t\t\t\t<span class=\"elementor-button-content-wrapper\">\n\t\t\t\t\t\t\t\t\t<span class=\"elementor-button-text\">Saiba mais<\/span>\n\t\t\t\t\t<\/span>\n\t\t\t\t\t<\/a>\n\t\t\t\t\t\t\t\t<\/div>\n\t\t\t\t<\/div>\n\t\t\t\t\t<\/div>\n\t\t\t\t<\/div>\n\t\t\t\t<\/div>\n\t\t","protected":false},"excerpt":{"rendered":"<p>Servi\u00e7os ASL Empilhadeiras Temos a solu\u00e7\u00e3o que sua empresa precisa Veja como a ASL Empilhadeiras pode te ajudar VENDA ASL Empilhadeiras comercializa empilhadeiras GLP seminovas e usadas. Saiba mais MANUTEN\u00c7\u00c3O A manuten\u00e7\u00e3o preventiva garante o bom funcionamento da empilhadeira, reduz custos com reparos. Saiba mais LOCA\u00c7\u00c3O O cliente mant\u00e9m o foco no neg\u00f3cio enquanto a [&hellip;]<\/p>\n","protected":false},"author":1,"featured_media":0,"parent":0,"menu_order":0,"comment_status":"closed","ping_status":"closed","template":"","meta":{"footnotes":""},"class_list":["post-188","page","type-page","status-publish","hentry"],"_links":{"self":[{"href":"https:\/\/4whospedagem.com.br\/duda\/cliente10\/wp-json\/wp\/v2\/pages\/188","targetHints":{"allow":["GET"]}}],"collection":[{"href":"https:\/\/4whospedagem.com.br\/duda\/cliente10\/wp-json\/wp\/v2\/pages"}],"about":[{"href":"https:\/\/4whospedagem.com.br\/duda\/cliente10\/wp-json\/wp\/v2\/types\/page"}],"author":[{"embeddable":true,"href":"https:\/\/4whospedagem.com.br\/duda\/cliente10\/wp-json\/wp\/v2\/users\/1"}],"replies":[{"embeddable":true,"href":"https:\/\/4whospedagem.com.br\/duda\/cliente10\/wp-json\/wp\/v2\/comments?post=188"}],"version-history":[{"count":4,"href":"https:\/\/4whospedagem.com.br\/duda\/cliente10\/wp-json\/wp\/v2\/pages\/188\/revisions"}],"predecessor-version":[{"id":192,"href":"https:\/\/4whospedagem.com.br\/duda\/cliente10\/wp-json\/wp\/v2\/pages\/188\/revisions\/192"}],"wp:attachment":[{"href":"https:\/\/4whospedagem.com.br\/duda\/cliente10\/wp-json\/wp\/v2\/media?parent=188"}],"curies":[{"name":"wp","href":"https:\/\/api.w.org\/{rel}","templated":true}]}}